{"id":4179,"date":"2026-01-19T12:13:08","date_gmt":"2026-01-19T12:13:08","guid":{"rendered":"https:\/\/www.aerialsolutions.be\/?page_id=4179"},"modified":"2026-01-19T12:13:08","modified_gmt":"2026-01-19T12:13:08","slug":"wat-zijn-industriele-drone-inspecties","status":"publish","type":"page","link":"https:\/\/www.aerialsolutions.be\/fr\/wat-zijn-industriele-drone-inspecties\/","title":{"rendered":"Wat zijn industri\u00eble drone-inspecties?"},"content":{"rendered":"<p data-start=\"947\" data-end=\"1259\"><strong data-start=\"947\" data-end=\"979\">Industri\u00eble drone-inspecties<\/strong> zijn inspecties waarbij drones worden ingezet om industri\u00eble infrastructuur, installaties en constructies visueel te controleren zonder fysieke toegang. Dit maakt het mogelijk om inspecties uit te voeren in omgevingen die traditioneel <strong data-start=\"1215\" data-end=\"1253\">risicovol, tijdrovend of kostelijk<\/strong> zijn.<\/p>\n<p data-start=\"1261\" data-end=\"1432\">In plaats van steigers, kranen of rope-access teams, worden drones ingezet om <strong data-start=\"1339\" data-end=\"1368\">hoogwaardige visuele data<\/strong> te verzamelen met minimale impact op de operationele processen.<\/p>\n<hr data-start=\"1434\" data-end=\"1437\" \/>\n<h2 data-start=\"1439\" data-end=\"1491\">Waarom drones inzetten in industri\u00eble omgevingen?<\/h2>\n<p data-start=\"1493\" data-end=\"1620\">Industri\u00eble installaties worden steeds complexer en de veiligheidsvereisten strenger. Klassieke inspectiemethoden brengen vaak:<\/p>\n<ul data-start=\"1621\" data-end=\"1729\">\n<li data-start=\"1621\" data-end=\"1639\">\n<p data-start=\"1623\" data-end=\"1639\">Werk op hoogte<\/p>\n<\/li>\n<li data-start=\"1640\" data-end=\"1672\">\n<p data-start=\"1642\" data-end=\"1672\">Stillegging van installaties<\/p>\n<\/li>\n<li data-start=\"1673\" data-end=\"1698\">\n<p data-start=\"1675\" data-end=\"1698\">Grote personeelsinzet<\/p>\n<\/li>\n<li data-start=\"1699\" data-end=\"1729\">\n<p data-start=\"1701\" data-end=\"1729\">Verhoogd veiligheidsrisico<\/p>\n<\/li>\n<\/ul>\n<p data-start=\"1731\" data-end=\"1744\">met zich mee.<\/p>\n<p data-start=\"1746\" data-end=\"1858\"><strong data-start=\"1746\" data-end=\"1766\">Drone-inspecties<\/strong> elimineren deze nadelen en bieden een <strong data-start=\"1805\" data-end=\"1857\">sneller, veiliger en objectiever inspectieproces<\/strong>.<\/p>\n<hr data-start=\"1860\" data-end=\"1863\" \/>\n<h2 data-start=\"1865\" data-end=\"1922\">Typische toepassingen van industri\u00eble drone-inspecties<\/h2>\n<h3 data-start=\"1924\" data-end=\"1959\">Inspectie van staalconstructies<\/h3>\n<ul data-start=\"1960\" data-end=\"2056\">\n<li data-start=\"1960\" data-end=\"1979\">\n<p data-start=\"1962\" data-end=\"1979\">Draagstructuren<\/p>\n<\/li>\n<li data-start=\"1980\" data-end=\"1994\">\n<p data-start=\"1982\" data-end=\"1994\">Kraanbanen<\/p>\n<\/li>\n<li data-start=\"1995\" data-end=\"2023\">\n<p data-start=\"1997\" data-end=\"2023\">Platforms en loopbruggen<\/p>\n<\/li>\n<li data-start=\"2024\" data-end=\"2056\">\n<p data-start=\"2026\" data-end=\"2056\">Lasnaden en boutverbindingen<\/p>\n<\/li>\n<\/ul>\n<h3 data-start=\"2058\" data-end=\"2100\">Inspectie van industri\u00eble installaties<\/h3>\n<ul data-start=\"2101\" data-end=\"2215\">\n<li data-start=\"2101\" data-end=\"2131\">\n<p data-start=\"2103\" data-end=\"2131\">Leidingen en pijpleidingen<\/p>\n<\/li>\n<li data-start=\"2132\" data-end=\"2162\">\n<p data-start=\"2134\" data-end=\"2162\">Kabelgoten en installaties<\/p>\n<\/li>\n<li data-start=\"2163\" data-end=\"2185\">\n<p data-start=\"2165\" data-end=\"2185\">Ventilatiesystemen<\/p>\n<\/li>\n<li data-start=\"2186\" data-end=\"2215\">\n<p data-start=\"2188\" data-end=\"2215\">Isolatie en bevestigingen<\/p>\n<\/li>\n<\/ul>\n<h3 data-start=\"2217\" data-end=\"2241\">Preventief onderhoud<\/h3>\n<ul data-start=\"2242\" data-end=\"2328\">\n<li data-start=\"2242\" data-end=\"2267\">\n<p data-start=\"2244\" data-end=\"2267\">Detectie van corrosie<\/p>\n<\/li>\n<li data-start=\"2268\" data-end=\"2285\">\n<p data-start=\"2270\" data-end=\"2285\">Scheurvorming<\/p>\n<\/li>\n<li data-start=\"2286\" data-end=\"2302\">\n<p data-start=\"2288\" data-end=\"2302\">Vervormingen<\/p>\n<\/li>\n<li data-start=\"2303\" data-end=\"2328\">\n<p data-start=\"2305\" data-end=\"2328\">Loszittende elementen<\/p>\n<\/li>\n<\/ul>\n<hr data-start=\"2330\" data-end=\"2333\" \/>\n<h2 data-start=\"2335\" data-end=\"2365\">Veiligheid als kernvoordeel<\/h2>\n<p data-start=\"2367\" data-end=\"2378\">Met drones:<\/p>\n<ul data-start=\"2379\" data-end=\"2535\">\n<li data-start=\"2379\" data-end=\"2445\">\n<p data-start=\"2381\" data-end=\"2445\">Worden inspecteurs <strong data-start=\"2400\" data-end=\"2443\">niet blootgesteld aan gevaarlijke zones<\/strong><\/p>\n<\/li>\n<li data-start=\"2446\" data-end=\"2474\">\n<p data-start=\"2448\" data-end=\"2474\">Vervalt werken op hoogte<\/p>\n<\/li>\n<li data-start=\"2475\" data-end=\"2535\">\n<p data-start=\"2477\" data-end=\"2535\">Wordt het risico op arbeidsongevallen drastisch verlaagd<\/p>\n<\/li>\n<\/ul>\n<p data-start=\"2537\" data-end=\"2652\">Voor veel bedrijven is dit vandaag niet alleen een <strong data-start=\"2588\" data-end=\"2613\">operationeel voordeel<\/strong>, maar ook een <strong data-start=\"2628\" data-end=\"2651\">compliance-vereiste<\/strong>.<\/p>\n<hr data-start=\"2654\" data-end=\"2657\" \/>\n<h2 data-start=\"2659\" data-end=\"2689\">Rapportage &amp; besluitvorming<\/h2>\n<p data-start=\"2691\" data-end=\"2718\">Na de inspectie ontvang je:<\/p>\n<ul data-start=\"2719\" data-end=\"2868\">\n<li data-start=\"2719\" data-end=\"2758\">\n<p data-start=\"2721\" data-end=\"2758\">Een gestructureerd inspectierapport<\/p>\n<\/li>\n<li data-start=\"2759\" data-end=\"2786\">\n<p data-start=\"2761\" data-end=\"2786\">HD of 4K beeldmateriaal<\/p>\n<\/li>\n<li data-start=\"2787\" data-end=\"2830\">\n<p data-start=\"2789\" data-end=\"2830\">Annotaties van vastgestelde afwijkingen<\/p>\n<\/li>\n<li data-start=\"2831\" data-end=\"2868\">\n<p data-start=\"2833\" data-end=\"2868\">Onderhouds- of herstellingsadvies<\/p>\n<\/li>\n<\/ul>\n<p data-start=\"2870\" data-end=\"2913\">Deze data vormt een betrouwbare basis voor:<\/p>\n<ul data-start=\"2914\" data-end=\"3022\">\n<li data-start=\"2914\" data-end=\"2934\">\n<p data-start=\"2916\" data-end=\"2934\">Asset management<\/p>\n<\/li>\n<li data-start=\"2935\" data-end=\"2957\">\n<p data-start=\"2937\" data-end=\"2957\">Onderhoudsplanning<\/p>\n<\/li>\n<li data-start=\"2958\" data-end=\"2982\">\n<p data-start=\"2960\" data-end=\"2982\">Audits en inspecties<\/p>\n<\/li>\n<li data-start=\"2983\" data-end=\"3022\">\n<p data-start=\"2985\" data-end=\"3022\">Vergelijking met eerdere inspecties<\/p>\n<\/li>\n<\/ul>","protected":false},"excerpt":{"rendered":"<p>Industri\u00eble drone-inspecties zijn inspecties waarbij drones worden ingezet om industri\u00eble infrastructuur, installaties en constructies visueel te controleren zonder fysieke toegang. Dit maakt [&hellip;]<\/p>","protected":false},"author":3,"featured_media":0,"parent":0,"menu_order":0,"comment_status":"closed","ping_status":"closed","template":"","meta":{"content-type":"","footnotes":""},"class_list":["post-4179","page","type-page","status-publish","hentry"],"yoast_head":"<!-- This site is optimized with the Yoast SEO plugin v26.9 - https:\/\/yoast.com\/product\/yoast-seo-wordpress\/ -->\n<title>Industri\u00eble drone-inspecties | Veilige inspecties zonder stilstand<\/title>\n<meta name=\"description\" content=\"Industri\u00eble drone-inspecties voor fabrieken en installaties. Veilig, snel en kosteneffici\u00ebnt inspecteren zonder steigers, hoogwerkers of productieonderbreking.\" \/>\n<meta name=\"robots\" content=\"index, follow, max-snippet:-1, max-image-preview:large, max-video-preview:-1\" \/>\n<link rel=\"canonical\" href=\"https:\/\/www.aerialsolutions.be\/fr\/wat-zijn-industriele-drone-inspecties\/\" \/>\n<meta property=\"og:locale\" content=\"fr_FR\" \/>\n<meta property=\"og:type\" content=\"article\" \/>\n<meta property=\"og:title\" content=\"Industri\u00eble drone-inspecties | Veilige inspecties zonder stilstand\" \/>\n<meta property=\"og:description\" content=\"Industri\u00eble drone-inspecties voor fabrieken en installaties. Veilig, snel en kosteneffici\u00ebnt inspecteren zonder steigers, hoogwerkers of productieonderbreking.\" \/>\n<meta property=\"og:url\" content=\"https:\/\/www.aerialsolutions.be\/fr\/wat-zijn-industriele-drone-inspecties\/\" \/>\n<meta property=\"og:site_name\" content=\"Professionele Drones | DJI Enterprise\" \/>\n<meta name=\"twitter:card\" content=\"summary_large_image\" \/>\n<meta name=\"twitter:label1\" content=\"Dur\u00e9e de lecture est.\" \/>\n\t<meta name=\"twitter:data1\" content=\"2 minutes\" \/>\n<script type=\"application\/ld+json\" class=\"yoast-schema-graph\">{\"@context\":\"https:\/\/schema.org\",\"@graph\":[{\"@type\":\"WebPage\",\"@id\":\"https:\/\/www.aerialsolutions.be\/wat-zijn-industriele-drone-inspecties\/\",\"url\":\"https:\/\/www.aerialsolutions.be\/wat-zijn-industriele-drone-inspecties\/\",\"name\":\"Industri\u00eble drone-inspecties | Veilige inspecties zonder stilstand\",\"isPartOf\":{\"@id\":\"https:\/\/www.aerialsolutions.be\/fr\/#website\"},\"datePublished\":\"2026-01-19T12:13:08+00:00\",\"description\":\"Industri\u00eble drone-inspecties voor fabrieken en installaties. Veilig, snel en kosteneffici\u00ebnt inspecteren zonder steigers, hoogwerkers of productieonderbreking.\",\"breadcrumb\":{\"@id\":\"https:\/\/www.aerialsolutions.be\/wat-zijn-industriele-drone-inspecties\/#breadcrumb\"},\"inLanguage\":\"fr-BE\",\"potentialAction\":[{\"@type\":\"ReadAction\",\"target\":[\"https:\/\/www.aerialsolutions.be\/wat-zijn-industriele-drone-inspecties\/\"]}]},{\"@type\":\"BreadcrumbList\",\"@id\":\"https:\/\/www.aerialsolutions.be\/wat-zijn-industriele-drone-inspecties\/#breadcrumb\",\"itemListElement\":[{\"@type\":\"ListItem\",\"position\":1,\"name\":\"Home\",\"item\":\"https:\/\/www.aerialsolutions.be\/\"},{\"@type\":\"ListItem\",\"position\":2,\"name\":\"Wat zijn industri\u00eble drone-inspecties?\"}]},{\"@type\":\"WebSite\",\"@id\":\"https:\/\/www.aerialsolutions.be\/fr\/#website\",\"url\":\"https:\/\/www.aerialsolutions.be\/fr\/\",\"name\":\"Professionele Drones | DJI Enterprise\",\"description\":\"Verkoop van DJI Enterprise Drones\",\"potentialAction\":[{\"@type\":\"SearchAction\",\"target\":{\"@type\":\"EntryPoint\",\"urlTemplate\":\"https:\/\/www.aerialsolutions.be\/fr\/?s={search_term_string}\"},\"query-input\":{\"@type\":\"PropertyValueSpecification\",\"valueRequired\":true,\"valueName\":\"search_term_string\"}}],\"inLanguage\":\"fr-BE\"}]}<\/script>\n<!-- \/ Yoast SEO plugin. -->","yoast_head_json":{"title":"Industri\u00eble drone-inspecties | Veilige inspecties zonder stilstand","description":"Industri\u00eble drone-inspecties voor fabrieken en installaties. Veilig, snel en kosteneffici\u00ebnt inspecteren zonder steigers, hoogwerkers of productieonderbreking.","robots":{"index":"index","follow":"follow","max-snippet":"max-snippet:-1","max-image-preview":"max-image-preview:large","max-video-preview":"max-video-preview:-1"},"canonical":"https:\/\/www.aerialsolutions.be\/fr\/wat-zijn-industriele-drone-inspecties\/","og_locale":"fr_FR","og_type":"article","og_title":"Industri\u00eble drone-inspecties | Veilige inspecties zonder stilstand","og_description":"Industri\u00eble drone-inspecties voor fabrieken en installaties. Veilig, snel en kosteneffici\u00ebnt inspecteren zonder steigers, hoogwerkers of productieonderbreking.","og_url":"https:\/\/www.aerialsolutions.be\/fr\/wat-zijn-industriele-drone-inspecties\/","og_site_name":"Professionele Drones | DJI Enterprise","twitter_card":"summary_large_image","twitter_misc":{"Dur\u00e9e de lecture est.":"2 minutes"},"schema":{"@context":"https:\/\/schema.org","@graph":[{"@type":"WebPage","@id":"https:\/\/www.aerialsolutions.be\/wat-zijn-industriele-drone-inspecties\/","url":"https:\/\/www.aerialsolutions.be\/wat-zijn-industriele-drone-inspecties\/","name":"Industri\u00eble drone-inspecties | Veilige inspecties zonder stilstand","isPartOf":{"@id":"https:\/\/www.aerialsolutions.be\/fr\/#website"},"datePublished":"2026-01-19T12:13:08+00:00","description":"Industri\u00eble drone-inspecties voor fabrieken en installaties. Veilig, snel en kosteneffici\u00ebnt inspecteren zonder steigers, hoogwerkers of productieonderbreking.","breadcrumb":{"@id":"https:\/\/www.aerialsolutions.be\/wat-zijn-industriele-drone-inspecties\/#breadcrumb"},"inLanguage":"fr-BE","potentialAction":[{"@type":"ReadAction","target":["https:\/\/www.aerialsolutions.be\/wat-zijn-industriele-drone-inspecties\/"]}]},{"@type":"BreadcrumbList","@id":"https:\/\/www.aerialsolutions.be\/wat-zijn-industriele-drone-inspecties\/#breadcrumb","itemListElement":[{"@type":"ListItem","position":1,"name":"Home","item":"https:\/\/www.aerialsolutions.be\/"},{"@type":"ListItem","position":2,"name":"Wat zijn industri\u00eble drone-inspecties?"}]},{"@type":"WebSite","@id":"https:\/\/www.aerialsolutions.be\/fr\/#website","url":"https:\/\/www.aerialsolutions.be\/fr\/","name":"Professionele Drones | DJI Enterprise","description":"Verkoop van DJI Enterprise Drones","potentialAction":[{"@type":"SearchAction","target":{"@type":"EntryPoint","urlTemplate":"https:\/\/www.aerialsolutions.be\/fr\/?s={search_term_string}"},"query-input":{"@type":"PropertyValueSpecification","valueRequired":true,"valueName":"search_term_string"}}],"inLanguage":"fr-BE"}]}},"_links":{"self":[{"href":"https:\/\/www.aerialsolutions.be\/fr\/wp-json\/wp\/v2\/pages\/4179","targetHints":{"allow":["GET"]}}],"collection":[{"href":"https:\/\/www.aerialsolutions.be\/fr\/wp-json\/wp\/v2\/pages"}],"about":[{"href":"https:\/\/www.aerialsolutions.be\/fr\/wp-json\/wp\/v2\/types\/page"}],"author":[{"embeddable":true,"href":"https:\/\/www.aerialsolutions.be\/fr\/wp-json\/wp\/v2\/users\/3"}],"replies":[{"embeddable":true,"href":"https:\/\/www.aerialsolutions.be\/fr\/wp-json\/wp\/v2\/comments?post=4179"}],"version-history":[{"count":1,"href":"https:\/\/www.aerialsolutions.be\/fr\/wp-json\/wp\/v2\/pages\/4179\/revisions"}],"predecessor-version":[{"id":4180,"href":"https:\/\/www.aerialsolutions.be\/fr\/wp-json\/wp\/v2\/pages\/4179\/revisions\/4180"}],"wp:attachment":[{"href":"https:\/\/www.aerialsolutions.be\/fr\/wp-json\/wp\/v2\/media?parent=4179"}],"curies":[{"name":"wp","href":"https:\/\/api.w.org\/{rel}","templated":true}]}}