{"id":2411,"date":"2022-07-25T08:53:57","date_gmt":"2022-07-25T08:53:57","guid":{"rendered":"https:\/\/www.aerialsolutions.be\/?post_type=product&#038;p=2411"},"modified":"2025-01-15T10:03:40","modified_gmt":"2025-01-15T10:03:40","slug":"dji-mavic-3-enterprise","status":"publish","type":"product","link":"https:\/\/www.aerialsolutions.be\/fr\/produit\/dji-mavic-3-enterprise\/","title":{"rendered":"DJI Mavic 3 Enterprise"},"content":{"rendered":"<hr \/>\n<p><strong>Survey met snelheid met de DJI Mavic 3E<\/strong><\/p>\n<p>De buitengewone combinatie van functies van de DJI Mavic 3E maakt zeer effici\u00ebnte mapping- en landmeetkundige missies mogelijk zonder dat er grondcontrolepunten nodig zijn.<\/p>\n<p>Het integreert een 20 MP groothoekcamera met een 4\/3 CMOS-sensor met grote pixels van 3,3 m die, samen met de Intelligent Low-Light-modus, aanzienlijk betere prestaties bieden bij weinig licht. De krachtige hybride zoomcamera tot 56x heeft een equivalente brandpuntsafstand van 162 mm voor 12 MP-beelden. Een mechanische sluiter voorkomt bewegingsonscherpte en ondersteunt snelle opnamen met een interval van 0,7 seconde.<\/p>\n<p><strong>Zie het ongeziene met de DJI Mavic 3T<\/strong><\/p>\n<p>Ontworpen om te voldoen aan de speciale behoeften van luchtoperaties bij brandbestrijding, zoek- en reddingsacties, inspecties en nachtmissies, heeft de DJI Mavic 3T dezelfde telecamera als de Mavic 3E, een 48 MP camera met een 1\/2\u201d CMOS-sensor, evenals een thermische camera met een Display Field of View (DFOV) van 61\u00b0 en een equivalente brandpuntsafstand van 40 mm met een resolutie van 640 \u00d7 512 px. De thermische camera van de Mavic 3T ondersteunt punt- en gebiedstemperatuurmeting, waarschuwingen voor hoge temperaturen, kleurenpaletten en isothermen om professionals te helpen hotspots te vinden en snelle beslissingen te nemen. Met een gelijktijdige split-screen zoom, ondersteunen de thermische en zoomcamera&#8217;s van de Mavic 3T 28\u00d7 continue zij-aan-zij digitale zoom voor eenvoudige vergelijkingen.<\/p>\n<p><strong>Beeldoverdracht van de volgende generatie<\/strong><\/p>\n<p>Met een maximaal regelbereik van 15 km stelt DJI O3 Enterprise Transmission de Mavic 3 Enterprise-drones in staat verder te vliegen en signalen met een hogere stabiliteit uit te zenden, wat piloten meer gemoedsrust biedt tijdens de vlucht. Het biedt een live-feed met een hoge framesnelheid bij 1080p\/30fps. Transmissieafstand is een proxy voor signaalsterkte; vlieg altijd in overeenstemming met de lokale wet- en regelgeving, inclusief het vliegen met de drone binnen het gezichtsveld van de operator, tenzij anders toegestaan.<\/p>\n<p><strong>Zorgeloze vluchten met verbeterde vliegveiligheid<\/strong><\/p>\n<p>DJI heeft de drone-industrie altijd geleid bij het ontwikkelen van innovatieve veiligheidsfuncties, en de Mavic 3 Enterprise-serie zet deze erfenis voort met verbeterde obstakeldetectie- en navigatiesystemen om dronepiloten de begeleiding te geven die ze nodig hebben om veilig te blijven. De drones van de Mavic 3 Enterprise-serie bevatten DJI AirSense, dat ADS-B-signalen ontvangt van traditionele vliegtuigen in het gebied om dronepiloten te waarschuwen voor ander luchtverkeer in de buurt. Het nieuwe verbeterde DJI APAS-systeem 5.0 voor obstakeldetectie zonder blinde vlekken wordt ondersteund door zes omnidirectionele fish-eye-sensoren.<\/p>\n<p>Een nieuwe reeks hulpmiddelen voor professionals De Mavic 3 Enterprise-serie wordt geleverd met nieuwe tools die accessoires en software combineren voor professionele missies.<\/p>\n<p><strong>De DJI RC Pro Enterprise is<\/strong> een professionele afstandsbediening met een 1.000 nits high-brightness scherm voor duidelijk zicht in direct zonlicht en een ingebouwde microfoon voor duidelijke communicatie. De RTK-module stelt landmeetkundige professionals in staat om nauwkeurigheid op centimeterniveau te bereiken met ondersteuning voor netwerk-RTK, aangepaste netwerk-RTK-services en D-RTK 2 Mobile Station.<\/p>\n<p><strong>Het D-RTK 2 Mobile Station<\/strong> is de verbeterde, uiterst nauwkeurige GNSS-ontvanger van DJI die alle belangrijke wereldwijde satellietnavigatiesystemen ondersteunt en realtime differenti\u00eble correcties biedt. Door de luidspreker aan te sluiten, kunnen piloten een bericht van bovenaf uitzenden, met ondersteuning voor tekst-naar-spraak, audio-opslag en looping, om de zoek- en reddingseffici\u00ebntie te verbeteren. De drones van de Mavic 3 Enterprise-serie vormen het middelpunt van een geavanceerd en groeiend systeem van software voor drone-operaties met hulpmiddelen voor het verzamelen van gegevens, kaarten, vlootbeheer en vluchtoperaties.<\/p>\n<p><strong>DJI Pilot 2<\/strong> is de vernieuwde vluchtinterface die is ontworpen om de effici\u00ebntie van de piloot en de vliegveiligheid te verbeteren. De bedieningselementen voor drones en ladingen zijn eenvoudig toegankelijk met \u00e9\u00e9n tik. Gebruikers hebben toegang tot de hardware, video-livestream en fotogegevens van de drone.<strong> DJI FlightHub 2,<\/strong> de alles-in-\u00e9\u00e9n cloudbeheer software voor drone-vloten, stelt drone-operators in staat om vluchtoperaties effici\u00ebnt te beheren met routeplanning en missiebeheer. DJI Terra is de complete kaartsoftware voor alle werkfasen, van missieplanning tot verwerking van 2D- en 3D-modellen.<\/p>\n<p><strong>DJI Thermal Analysis Tool 3.0<\/strong> helpt professionals bij het analyseren, annoteren en verwerken van beelden die zijn vastgelegd door de Mavic 3T met behulp van DTAT 3.0 om temperatuurafwijkingen bij hun inspecties te detecteren. DJI Enterprise-klanten verwachten de hoogste normen op het gebied van beveiliging en privacy voor hun gegevens. De Mavic 3 Enterprise-serie biedt ultramoderne beveiligingsfuncties om de integriteit van foto&#8217;s, video&#8217;s, vluchtlogboeken en andere gegevens die tijdens gevoelige vluchten worden gegenereerd, te beschermen. Indien geactiveerd, zal de lokale gegevensmodus de DJI Pilot 2 flight control-app stoppen met het verzenden of ontvangen van gegevens via internet. Dit biedt extra veiligheidsgaranties voor exploitanten van vluchten waarbij: kritieke infrastructuur, overheidsprojecten of andere gevoelige missies. De radioverbinding tussen het vliegtuig en de afstandsbediening is voorzien van robuuste AES-256-codering.<\/p>\n<p><strong>DJI Care Enterprise en DJI Onderhoudsprogramma<\/strong><\/p>\n<p>DJI Care Enterprise is een uitgebreid beschermingsplan dat de DJI Mavic 3 Enterprise-serie dekking biedt voor een reeks onopzettelijke schade. DJI Care Enterprise Basic biedt tot drie betaalbare vervangingen in twee jaar (verlengingsduur verschilt per regio). Om de tijd van projectonderbreking als gevolg van ongevallen te verminderen, kan DJI Care Express gebruikers een snelle vervangingsservice bieden. DJI Care Enterprise Plus biedt een onbeperkt aantal gratis reparaties binnen de dekkingslimiet.https:\/\/enterprise.dji.com\/djicare-enterprise DJI biedt een levenslang onderhoudsprogramma voor Mavic 3 Enterprise-drones, inclusief grondige reiniging, inspectie van onderdelen, update en kalibratie, vervanging van gemakkelijk versleten onderdelen en vervanging van kerncomponenten met officieel onderhoudsrapport.https:\/\/enterprise.dji.com\/enterprise-maintenance<img fetchpriority=\"high\" decoding=\"async\" class=\"aligncenter size-full wp-image-2531\" src=\"https:\/\/www.aerialsolutions.be\/wp-content\/uploads\/2022\/07\/DJI-mavic-3.png\" alt=\"\" width=\"813\" height=\"322\" srcset=\"https:\/\/www.aerialsolutions.be\/wp-content\/uploads\/2022\/07\/DJI-mavic-3.png 813w, https:\/\/www.aerialsolutions.be\/wp-content\/uploads\/2022\/07\/DJI-mavic-3-510x202.png 510w, https:\/\/www.aerialsolutions.be\/wp-content\/uploads\/2022\/07\/DJI-mavic-3-600x238.png 600w, https:\/\/www.aerialsolutions.be\/wp-content\/uploads\/2022\/07\/DJI-mavic-3-768x304.png 768w, https:\/\/www.aerialsolutions.be\/wp-content\/uploads\/2022\/07\/DJI-mavic-3-200x79.png 200w, https:\/\/www.aerialsolutions.be\/wp-content\/uploads\/2022\/07\/DJI-mavic-3-400x158.png 400w, https:\/\/www.aerialsolutions.be\/wp-content\/uploads\/2022\/07\/DJI-mavic-3-800x317.png 800w\" sizes=\"(max-width: 813px) 100vw, 813px\" \/><\/p>","protected":false},"excerpt":{"rendered":"<p>De nieuwe DJI Mavic 3 Enterprise-serie zet de ultieme standaard voor draagbare commerci\u00eble drones. Met een 56\u00d7 zoomcamera en RTK-module voor precisie op centimeters<\/p>\n<p>De Mavic 3Enterprise-serie brengt missie-effici\u00ebntie naar nieuwe hoogtes<\/p>","protected":false},"featured_media":2532,"template":"","meta":{"content-type":""},"product_brand":[],"product_cat":[98],"product_tag":[],"class_list":{"0":"post-2411","1":"product","2":"type-product","3":"status-publish","4":"has-post-thumbnail","6":"product_cat-mavic-3-dji","8":"first","9":"onbackorder","10":"taxable","11":"shipping-taxable","12":"purchasable","13":"product-type-simple"},"yoast_head":"<!-- This site is optimized with the Yoast SEO plugin v26.9 - https:\/\/yoast.com\/product\/yoast-seo-wordpress\/ -->\n<title>DJI Mavic 3 Enterprise - Professionele Drones | DJI Enterprise<\/title>\n<meta name=\"robots\" content=\"index, follow, max-snippet:-1, max-image-preview:large, max-video-preview:-1\" \/>\n<link rel=\"canonical\" href=\"https:\/\/www.aerialsolutions.be\/fr\/produit\/dji-mavic-3-enterprise\/\" \/>\n<meta property=\"og:locale\" content=\"fr_FR\" \/>\n<meta property=\"og:type\" content=\"article\" \/>\n<meta property=\"og:title\" content=\"DJI Mavic 3 Enterprise - Professionele Drones | DJI Enterprise\" \/>\n<meta property=\"og:description\" content=\"De nieuwe DJI Mavic 3 Enterprise-serie zet de ultieme standaard voor draagbare commerci\u00eble drones. Met een 56\u00d7 zoomcamera en RTK-module voor precisie op centimeters  De Mavic 3Enterprise-serie brengt missie-effici\u00ebntie naar nieuwe hoogtes\" \/>\n<meta property=\"og:url\" content=\"https:\/\/www.aerialsolutions.be\/fr\/produit\/dji-mavic-3-enterprise\/\" \/>\n<meta property=\"og:site_name\" content=\"Professionele Drones | DJI Enterprise\" \/>\n<meta property=\"article:modified_time\" content=\"2025-01-15T10:03:40+00:00\" \/>\n<meta property=\"og:image\" content=\"https:\/\/www.aerialsolutions.be\/wp-content\/uploads\/2022\/07\/dji-mavic-3-enterprise-1.png\" \/>\n\t<meta property=\"og:image:width\" content=\"670\" \/>\n\t<meta property=\"og:image:height\" content=\"670\" \/>\n\t<meta property=\"og:image:type\" content=\"image\/png\" \/>\n<meta name=\"twitter:card\" content=\"summary_large_image\" \/>\n<meta name=\"twitter:label1\" content=\"Dur\u00e9e de lecture est.\" \/>\n\t<meta name=\"twitter:data1\" content=\"4 minutes\" \/>\n<script type=\"application\/ld+json\" class=\"yoast-schema-graph\">{\"@context\":\"https:\/\/schema.org\",\"@graph\":[{\"@type\":\"WebPage\",\"@id\":\"https:\/\/www.aerialsolutions.be\/product\/dji-mavic-3-enterprise\/\",\"url\":\"https:\/\/www.aerialsolutions.be\/product\/dji-mavic-3-enterprise\/\",\"name\":\"DJI Mavic 3 Enterprise - Professionele Drones | DJI Enterprise\",\"isPartOf\":{\"@id\":\"https:\/\/www.aerialsolutions.be\/fr\/#website\"},\"primaryImageOfPage\":{\"@id\":\"https:\/\/www.aerialsolutions.be\/product\/dji-mavic-3-enterprise\/#primaryimage\"},\"image\":{\"@id\":\"https:\/\/www.aerialsolutions.be\/product\/dji-mavic-3-enterprise\/#primaryimage\"},\"thumbnailUrl\":\"https:\/\/www.aerialsolutions.be\/wp-content\/uploads\/2022\/07\/dji-mavic-3-enterprise-1.png\",\"datePublished\":\"2022-07-25T08:53:57+00:00\",\"dateModified\":\"2025-01-15T10:03:40+00:00\",\"breadcrumb\":{\"@id\":\"https:\/\/www.aerialsolutions.be\/product\/dji-mavic-3-enterprise\/#breadcrumb\"},\"inLanguage\":\"fr-BE\",\"potentialAction\":[{\"@type\":\"ReadAction\",\"target\":[\"https:\/\/www.aerialsolutions.be\/product\/dji-mavic-3-enterprise\/\"]}]},{\"@type\":\"ImageObject\",\"inLanguage\":\"fr-BE\",\"@id\":\"https:\/\/www.aerialsolutions.be\/product\/dji-mavic-3-enterprise\/#primaryimage\",\"url\":\"https:\/\/www.aerialsolutions.be\/wp-content\/uploads\/2022\/07\/dji-mavic-3-enterprise-1.png\",\"contentUrl\":\"https:\/\/www.aerialsolutions.be\/wp-content\/uploads\/2022\/07\/dji-mavic-3-enterprise-1.png\",\"width\":670,\"height\":670},{\"@type\":\"BreadcrumbList\",\"@id\":\"https:\/\/www.aerialsolutions.be\/product\/dji-mavic-3-enterprise\/#breadcrumb\",\"itemListElement\":[{\"@type\":\"ListItem\",\"position\":1,\"name\":\"Home\",\"item\":\"https:\/\/www.aerialsolutions.be\/\"},{\"@type\":\"ListItem\",\"position\":2,\"name\":\"Winkel\",\"item\":\"https:\/\/www.aerialsolutions.be\/shop\/\"},{\"@type\":\"ListItem\",\"position\":3,\"name\":\"DJI Mavic 3 Enterprise\"}]},{\"@type\":\"WebSite\",\"@id\":\"https:\/\/www.aerialsolutions.be\/fr\/#website\",\"url\":\"https:\/\/www.aerialsolutions.be\/fr\/\",\"name\":\"Professionele Drones | DJI Enterprise\",\"description\":\"Verkoop van DJI Enterprise Drones\",\"potentialAction\":[{\"@type\":\"SearchAction\",\"target\":{\"@type\":\"EntryPoint\",\"urlTemplate\":\"https:\/\/www.aerialsolutions.be\/fr\/?s={search_term_string}\"},\"query-input\":{\"@type\":\"PropertyValueSpecification\",\"valueRequired\":true,\"valueName\":\"search_term_string\"}}],\"inLanguage\":\"fr-BE\"}]}<\/script>\n<!-- \/ Yoast SEO plugin. -->","yoast_head_json":{"title":"DJI Mavic 3 Enterprise - Professionele Drones | DJI Enterprise","robots":{"index":"index","follow":"follow","max-snippet":"max-snippet:-1","max-image-preview":"max-image-preview:large","max-video-preview":"max-video-preview:-1"},"canonical":"https:\/\/www.aerialsolutions.be\/fr\/produit\/dji-mavic-3-enterprise\/","og_locale":"fr_FR","og_type":"article","og_title":"DJI Mavic 3 Enterprise - Professionele Drones | DJI Enterprise","og_description":"De nieuwe DJI Mavic 3 Enterprise-serie zet de ultieme standaard voor draagbare commerci\u00eble drones. Met een 56\u00d7 zoomcamera en RTK-module voor precisie op centimeters  De Mavic 3Enterprise-serie brengt missie-effici\u00ebntie naar nieuwe hoogtes","og_url":"https:\/\/www.aerialsolutions.be\/fr\/produit\/dji-mavic-3-enterprise\/","og_site_name":"Professionele Drones | DJI Enterprise","article_modified_time":"2025-01-15T10:03:40+00:00","og_image":[{"width":670,"height":670,"url":"https:\/\/www.aerialsolutions.be\/wp-content\/uploads\/2022\/07\/dji-mavic-3-enterprise-1.png","type":"image\/png"}],"twitter_card":"summary_large_image","twitter_misc":{"Dur\u00e9e de lecture est.":"4 minutes"},"schema":{"@context":"https:\/\/schema.org","@graph":[{"@type":"WebPage","@id":"https:\/\/www.aerialsolutions.be\/product\/dji-mavic-3-enterprise\/","url":"https:\/\/www.aerialsolutions.be\/product\/dji-mavic-3-enterprise\/","name":"DJI Mavic 3 Enterprise - Professionele Drones | DJI Enterprise","isPartOf":{"@id":"https:\/\/www.aerialsolutions.be\/fr\/#website"},"primaryImageOfPage":{"@id":"https:\/\/www.aerialsolutions.be\/product\/dji-mavic-3-enterprise\/#primaryimage"},"image":{"@id":"https:\/\/www.aerialsolutions.be\/product\/dji-mavic-3-enterprise\/#primaryimage"},"thumbnailUrl":"https:\/\/www.aerialsolutions.be\/wp-content\/uploads\/2022\/07\/dji-mavic-3-enterprise-1.png","datePublished":"2022-07-25T08:53:57+00:00","dateModified":"2025-01-15T10:03:40+00:00","breadcrumb":{"@id":"https:\/\/www.aerialsolutions.be\/product\/dji-mavic-3-enterprise\/#breadcrumb"},"inLanguage":"fr-BE","potentialAction":[{"@type":"ReadAction","target":["https:\/\/www.aerialsolutions.be\/product\/dji-mavic-3-enterprise\/"]}]},{"@type":"ImageObject","inLanguage":"fr-BE","@id":"https:\/\/www.aerialsolutions.be\/product\/dji-mavic-3-enterprise\/#primaryimage","url":"https:\/\/www.aerialsolutions.be\/wp-content\/uploads\/2022\/07\/dji-mavic-3-enterprise-1.png","contentUrl":"https:\/\/www.aerialsolutions.be\/wp-content\/uploads\/2022\/07\/dji-mavic-3-enterprise-1.png","width":670,"height":670},{"@type":"BreadcrumbList","@id":"https:\/\/www.aerialsolutions.be\/product\/dji-mavic-3-enterprise\/#breadcrumb","itemListElement":[{"@type":"ListItem","position":1,"name":"Home","item":"https:\/\/www.aerialsolutions.be\/"},{"@type":"ListItem","position":2,"name":"Winkel","item":"https:\/\/www.aerialsolutions.be\/shop\/"},{"@type":"ListItem","position":3,"name":"DJI Mavic 3 Enterprise"}]},{"@type":"WebSite","@id":"https:\/\/www.aerialsolutions.be\/fr\/#website","url":"https:\/\/www.aerialsolutions.be\/fr\/","name":"Professionele Drones | DJI Enterprise","description":"Verkoop van DJI Enterprise Drones","potentialAction":[{"@type":"SearchAction","target":{"@type":"EntryPoint","urlTemplate":"https:\/\/www.aerialsolutions.be\/fr\/?s={search_term_string}"},"query-input":{"@type":"PropertyValueSpecification","valueRequired":true,"valueName":"search_term_string"}}],"inLanguage":"fr-BE"}]}},"_links":{"self":[{"href":"https:\/\/www.aerialsolutions.be\/fr\/wp-json\/wp\/v2\/product\/2411","targetHints":{"allow":["GET"]}}],"collection":[{"href":"https:\/\/www.aerialsolutions.be\/fr\/wp-json\/wp\/v2\/product"}],"about":[{"href":"https:\/\/www.aerialsolutions.be\/fr\/wp-json\/wp\/v2\/types\/product"}],"wp:featuredmedia":[{"embeddable":true,"href":"https:\/\/www.aerialsolutions.be\/fr\/wp-json\/wp\/v2\/media\/2532"}],"wp:attachment":[{"href":"https:\/\/www.aerialsolutions.be\/fr\/wp-json\/wp\/v2\/media?parent=2411"}],"wp:term":[{"taxonomy":"product_brand","embeddable":true,"href":"https:\/\/www.aerialsolutions.be\/fr\/wp-json\/wp\/v2\/product_brand?post=2411"},{"taxonomy":"product_cat","embeddable":true,"href":"https:\/\/www.aerialsolutions.be\/fr\/wp-json\/wp\/v2\/product_cat?post=2411"},{"taxonomy":"product_tag","embeddable":true,"href":"https:\/\/www.aerialsolutions.be\/fr\/wp-json\/wp\/v2\/product_tag?post=2411"}],"curies":[{"name":"wp","href":"https:\/\/api.w.org\/{rel}","templated":true}]}}