{"id":3831,"date":"2025-02-28T09:33:32","date_gmt":"2025-02-28T09:33:32","guid":{"rendered":"https:\/\/www.aerialsolutions.be\/?post_type=product&#038;p=3831"},"modified":"2026-04-01T07:47:19","modified_gmt":"2026-04-01T07:47:19","slug":"czi-searchlight-and-broadcasting-system-for-m3d-m3td-lp20","status":"publish","type":"product","link":"https:\/\/www.aerialsolutions.be\/fr\/produit\/czi-searchlight-and-broadcasting-system-for-m3d-m3td-lp20\/","title":{"rendered":"CZI Searchlight and Broadcasting System for M3D\/M3TD LP20"},"content":{"rendered":"<p><img fetchpriority=\"high\" decoding=\"async\" class=\"alignnone size-medium wp-image-3833\" src=\"https:\/\/www.aerialsolutions.be\/wp-content\/uploads\/2025\/02\/CZI-LP20-600x600.jpg\" alt=\"\" width=\"600\" height=\"600\" srcset=\"https:\/\/www.aerialsolutions.be\/wp-content\/uploads\/2025\/02\/CZI-LP20-600x600.jpg 600w, https:\/\/www.aerialsolutions.be\/wp-content\/uploads\/2025\/02\/CZI-LP20-1024x1024.jpg 1024w, https:\/\/www.aerialsolutions.be\/wp-content\/uploads\/2025\/02\/CZI-LP20-300x300.jpg 300w, https:\/\/www.aerialsolutions.be\/wp-content\/uploads\/2025\/02\/CZI-LP20-768x768.jpg 768w, https:\/\/www.aerialsolutions.be\/wp-content\/uploads\/2025\/02\/CZI-LP20-247x247.jpg 247w, https:\/\/www.aerialsolutions.be\/wp-content\/uploads\/2025\/02\/CZI-LP20-510x510.jpg 510w, https:\/\/www.aerialsolutions.be\/wp-content\/uploads\/2025\/02\/CZI-LP20-100x100.jpg 100w, https:\/\/www.aerialsolutions.be\/wp-content\/uploads\/2025\/02\/CZI-LP20.jpg 1200w\" sizes=\"(max-width: 600px) 100vw, 600px\" \/><\/p>\n<p>Het CZI LP20 Zoeklicht &amp; Luidsprekersysteem voor DJI M3D &amp; M3TD combineert zwaailicht, zoeklicht en luidspreker in een lichtgewicht, multifunctionele unit met snelsluiting.<\/p>\n<ul>\n<li>Ge\u00efntegreerd zwaailicht, zoeklicht, schreeuwapparaat van drie-in-\u00e9\u00e9n multifunctionele apparatuur<\/li>\n<li>Multifunctioneel, lichtgewicht en handig<\/li>\n<li>Past op de M3D\/M3TD drone supper quick release beugel, eenvoudig te demonteren<\/li>\n<li>Gebruik met de gimbal camera, zoeklicht kan worden gekoppeld met de camera<\/li>\n<li>Effectieve zoekafstand van 100m, effectieve zendafstand van 300m<\/li>\n<\/ul>","protected":false},"excerpt":{"rendered":"<p>Het CZI LP20 Zoeklicht &amp; Luidsprekersysteem voor DJI M3D &amp; M3TD combineert zwaailicht, zoeklicht en luidspreker in een lichtgewicht, multifunctionele unit met snelsluiting.<\/p>","protected":false},"featured_media":3832,"template":"","meta":{"content-type":""},"product_brand":[],"product_cat":[101,37,69],"product_tag":[],"class_list":{"0":"post-3831","1":"product","2":"type-product","3":"status-publish","4":"has-post-thumbnail","6":"product_cat-czi","7":"product_cat-payloads","8":"product_cat-spotlight-payloads","10":"first","11":"instock","12":"taxable","13":"shipping-taxable","14":"purchasable","15":"product-type-simple"},"yoast_head":"<!-- This site is optimized with the Yoast SEO plugin v26.9 - https:\/\/yoast.com\/product\/yoast-seo-wordpress\/ -->\n<title>CZI Searchlight and Broadcasting System for M3D\/M3TD LP20 - Professionele Drones | DJI Enterprise<\/title>\n<meta name=\"robots\" content=\"index, follow, max-snippet:-1, max-image-preview:large, max-video-preview:-1\" \/>\n<link rel=\"canonical\" href=\"https:\/\/www.aerialsolutions.be\/fr\/produit\/czi-searchlight-and-broadcasting-system-for-m3d-m3td-lp20\/\" \/>\n<meta property=\"og:locale\" content=\"fr_FR\" \/>\n<meta property=\"og:type\" content=\"article\" \/>\n<meta property=\"og:title\" content=\"CZI Searchlight and Broadcasting System for M3D\/M3TD LP20 - Professionele Drones | DJI Enterprise\" \/>\n<meta property=\"og:description\" content=\"Het CZI LP20 Zoeklicht &amp; Luidsprekersysteem voor DJI M3D &amp; M3TD combineert zwaailicht, zoeklicht en luidspreker in een lichtgewicht, multifunctionele unit met snelsluiting.\" \/>\n<meta property=\"og:url\" content=\"https:\/\/www.aerialsolutions.be\/fr\/produit\/czi-searchlight-and-broadcasting-system-for-m3d-m3td-lp20\/\" \/>\n<meta property=\"og:site_name\" content=\"Professionele Drones | DJI Enterprise\" \/>\n<meta property=\"article:modified_time\" content=\"2026-04-01T07:47:19+00:00\" \/>\n<meta property=\"og:image\" content=\"https:\/\/www.aerialsolutions.be\/wp-content\/uploads\/2025\/02\/CZI-L20-1.jpg\" \/>\n\t<meta property=\"og:image:width\" content=\"1200\" \/>\n\t<meta property=\"og:image:height\" content=\"1200\" \/>\n\t<meta property=\"og:image:type\" content=\"image\/jpeg\" \/>\n<meta name=\"twitter:card\" content=\"summary_large_image\" \/>\n<script type=\"application\/ld+json\" class=\"yoast-schema-graph\">{\"@context\":\"https:\/\/schema.org\",\"@graph\":[{\"@type\":\"WebPage\",\"@id\":\"https:\/\/www.aerialsolutions.be\/product\/czi-searchlight-and-broadcasting-system-for-m3d-m3td-lp20\/\",\"url\":\"https:\/\/www.aerialsolutions.be\/product\/czi-searchlight-and-broadcasting-system-for-m3d-m3td-lp20\/\",\"name\":\"CZI Searchlight and Broadcasting System for M3D\/M3TD LP20 - Professionele Drones | DJI Enterprise\",\"isPartOf\":{\"@id\":\"https:\/\/www.aerialsolutions.be\/fr\/#website\"},\"primaryImageOfPage\":{\"@id\":\"https:\/\/www.aerialsolutions.be\/product\/czi-searchlight-and-broadcasting-system-for-m3d-m3td-lp20\/#primaryimage\"},\"image\":{\"@id\":\"https:\/\/www.aerialsolutions.be\/product\/czi-searchlight-and-broadcasting-system-for-m3d-m3td-lp20\/#primaryimage\"},\"thumbnailUrl\":\"https:\/\/www.aerialsolutions.be\/wp-content\/uploads\/2025\/02\/CZI-L20-1.jpg\",\"datePublished\":\"2025-02-28T09:33:32+00:00\",\"dateModified\":\"2026-04-01T07:47:19+00:00\",\"breadcrumb\":{\"@id\":\"https:\/\/www.aerialsolutions.be\/product\/czi-searchlight-and-broadcasting-system-for-m3d-m3td-lp20\/#breadcrumb\"},\"inLanguage\":\"fr-BE\",\"potentialAction\":[{\"@type\":\"ReadAction\",\"target\":[\"https:\/\/www.aerialsolutions.be\/product\/czi-searchlight-and-broadcasting-system-for-m3d-m3td-lp20\/\"]}]},{\"@type\":\"ImageObject\",\"inLanguage\":\"fr-BE\",\"@id\":\"https:\/\/www.aerialsolutions.be\/product\/czi-searchlight-and-broadcasting-system-for-m3d-m3td-lp20\/#primaryimage\",\"url\":\"https:\/\/www.aerialsolutions.be\/wp-content\/uploads\/2025\/02\/CZI-L20-1.jpg\",\"contentUrl\":\"https:\/\/www.aerialsolutions.be\/wp-content\/uploads\/2025\/02\/CZI-L20-1.jpg\",\"width\":1200,\"height\":1200},{\"@type\":\"BreadcrumbList\",\"@id\":\"https:\/\/www.aerialsolutions.be\/product\/czi-searchlight-and-broadcasting-system-for-m3d-m3td-lp20\/#breadcrumb\",\"itemListElement\":[{\"@type\":\"ListItem\",\"position\":1,\"name\":\"Home\",\"item\":\"https:\/\/www.aerialsolutions.be\/\"},{\"@type\":\"ListItem\",\"position\":2,\"name\":\"Winkel\",\"item\":\"https:\/\/www.aerialsolutions.be\/shop\/\"},{\"@type\":\"ListItem\",\"position\":3,\"name\":\"CZI Searchlight and Broadcasting System for M3D\/M3TD LP20\"}]},{\"@type\":\"WebSite\",\"@id\":\"https:\/\/www.aerialsolutions.be\/fr\/#website\",\"url\":\"https:\/\/www.aerialsolutions.be\/fr\/\",\"name\":\"Professionele Drones | DJI Enterprise\",\"description\":\"Verkoop van DJI Enterprise Drones\",\"potentialAction\":[{\"@type\":\"SearchAction\",\"target\":{\"@type\":\"EntryPoint\",\"urlTemplate\":\"https:\/\/www.aerialsolutions.be\/fr\/?s={search_term_string}\"},\"query-input\":{\"@type\":\"PropertyValueSpecification\",\"valueRequired\":true,\"valueName\":\"search_term_string\"}}],\"inLanguage\":\"fr-BE\"}]}<\/script>\n<!-- \/ Yoast SEO plugin. -->","yoast_head_json":{"title":"CZI Searchlight and Broadcasting System for M3D\/M3TD LP20 - Professionele Drones | DJI Enterprise","robots":{"index":"index","follow":"follow","max-snippet":"max-snippet:-1","max-image-preview":"max-image-preview:large","max-video-preview":"max-video-preview:-1"},"canonical":"https:\/\/www.aerialsolutions.be\/fr\/produit\/czi-searchlight-and-broadcasting-system-for-m3d-m3td-lp20\/","og_locale":"fr_FR","og_type":"article","og_title":"CZI Searchlight and Broadcasting System for M3D\/M3TD LP20 - Professionele Drones | DJI Enterprise","og_description":"Het CZI LP20 Zoeklicht &amp; Luidsprekersysteem voor DJI M3D &amp; M3TD combineert zwaailicht, zoeklicht en luidspreker in een lichtgewicht, multifunctionele unit met snelsluiting.","og_url":"https:\/\/www.aerialsolutions.be\/fr\/produit\/czi-searchlight-and-broadcasting-system-for-m3d-m3td-lp20\/","og_site_name":"Professionele Drones | DJI Enterprise","article_modified_time":"2026-04-01T07:47:19+00:00","og_image":[{"width":1200,"height":1200,"url":"https:\/\/www.aerialsolutions.be\/wp-content\/uploads\/2025\/02\/CZI-L20-1.jpg","type":"image\/jpeg"}],"twitter_card":"summary_large_image","schema":{"@context":"https:\/\/schema.org","@graph":[{"@type":"WebPage","@id":"https:\/\/www.aerialsolutions.be\/product\/czi-searchlight-and-broadcasting-system-for-m3d-m3td-lp20\/","url":"https:\/\/www.aerialsolutions.be\/product\/czi-searchlight-and-broadcasting-system-for-m3d-m3td-lp20\/","name":"CZI Searchlight and Broadcasting System for M3D\/M3TD LP20 - Professionele Drones | DJI Enterprise","isPartOf":{"@id":"https:\/\/www.aerialsolutions.be\/fr\/#website"},"primaryImageOfPage":{"@id":"https:\/\/www.aerialsolutions.be\/product\/czi-searchlight-and-broadcasting-system-for-m3d-m3td-lp20\/#primaryimage"},"image":{"@id":"https:\/\/www.aerialsolutions.be\/product\/czi-searchlight-and-broadcasting-system-for-m3d-m3td-lp20\/#primaryimage"},"thumbnailUrl":"https:\/\/www.aerialsolutions.be\/wp-content\/uploads\/2025\/02\/CZI-L20-1.jpg","datePublished":"2025-02-28T09:33:32+00:00","dateModified":"2026-04-01T07:47:19+00:00","breadcrumb":{"@id":"https:\/\/www.aerialsolutions.be\/product\/czi-searchlight-and-broadcasting-system-for-m3d-m3td-lp20\/#breadcrumb"},"inLanguage":"fr-BE","potentialAction":[{"@type":"ReadAction","target":["https:\/\/www.aerialsolutions.be\/product\/czi-searchlight-and-broadcasting-system-for-m3d-m3td-lp20\/"]}]},{"@type":"ImageObject","inLanguage":"fr-BE","@id":"https:\/\/www.aerialsolutions.be\/product\/czi-searchlight-and-broadcasting-system-for-m3d-m3td-lp20\/#primaryimage","url":"https:\/\/www.aerialsolutions.be\/wp-content\/uploads\/2025\/02\/CZI-L20-1.jpg","contentUrl":"https:\/\/www.aerialsolutions.be\/wp-content\/uploads\/2025\/02\/CZI-L20-1.jpg","width":1200,"height":1200},{"@type":"BreadcrumbList","@id":"https:\/\/www.aerialsolutions.be\/product\/czi-searchlight-and-broadcasting-system-for-m3d-m3td-lp20\/#breadcrumb","itemListElement":[{"@type":"ListItem","position":1,"name":"Home","item":"https:\/\/www.aerialsolutions.be\/"},{"@type":"ListItem","position":2,"name":"Winkel","item":"https:\/\/www.aerialsolutions.be\/shop\/"},{"@type":"ListItem","position":3,"name":"CZI Searchlight and Broadcasting System for M3D\/M3TD LP20"}]},{"@type":"WebSite","@id":"https:\/\/www.aerialsolutions.be\/fr\/#website","url":"https:\/\/www.aerialsolutions.be\/fr\/","name":"Professionele Drones | DJI Enterprise","description":"Verkoop van DJI Enterprise Drones","potentialAction":[{"@type":"SearchAction","target":{"@type":"EntryPoint","urlTemplate":"https:\/\/www.aerialsolutions.be\/fr\/?s={search_term_string}"},"query-input":{"@type":"PropertyValueSpecification","valueRequired":true,"valueName":"search_term_string"}}],"inLanguage":"fr-BE"}]}},"_links":{"self":[{"href":"https:\/\/www.aerialsolutions.be\/fr\/wp-json\/wp\/v2\/product\/3831","targetHints":{"allow":["GET"]}}],"collection":[{"href":"https:\/\/www.aerialsolutions.be\/fr\/wp-json\/wp\/v2\/product"}],"about":[{"href":"https:\/\/www.aerialsolutions.be\/fr\/wp-json\/wp\/v2\/types\/product"}],"wp:featuredmedia":[{"embeddable":true,"href":"https:\/\/www.aerialsolutions.be\/fr\/wp-json\/wp\/v2\/media\/3832"}],"wp:attachment":[{"href":"https:\/\/www.aerialsolutions.be\/fr\/wp-json\/wp\/v2\/media?parent=3831"}],"wp:term":[{"taxonomy":"product_brand","embeddable":true,"href":"https:\/\/www.aerialsolutions.be\/fr\/wp-json\/wp\/v2\/product_brand?post=3831"},{"taxonomy":"product_cat","embeddable":true,"href":"https:\/\/www.aerialsolutions.be\/fr\/wp-json\/wp\/v2\/product_cat?post=3831"},{"taxonomy":"product_tag","embeddable":true,"href":"https:\/\/www.aerialsolutions.be\/fr\/wp-json\/wp\/v2\/product_tag?post=3831"}],"curies":[{"name":"wp","href":"https:\/\/api.w.org\/{rel}","templated":true}]}}