{"id":4120,"date":"2025-11-16T10:39:16","date_gmt":"2025-11-16T10:39:16","guid":{"rendered":"https:\/\/www.aerialsolutions.be\/?post_type=product&#038;p=4120"},"modified":"2025-11-16T10:42:38","modified_gmt":"2025-11-16T10:42:38","slug":"parrot-anafi-ukr","status":"publish","type":"product","link":"https:\/\/www.aerialsolutions.be\/fr\/produit\/parrot-anafi-ukr\/","title":{"rendered":"Parrot Anafi UKR"},"content":{"rendered":"<h3 data-start=\"116\" data-end=\"131\">UAV<\/h3>\n<ul data-start=\"132\" data-end=\"1387\">\n<li data-start=\"132\" data-end=\"179\">\n<p data-start=\"134\" data-end=\"179\">Afmetingen (opgevouwen): 245 \u00d7 160 \u00d7 116 mm<\/p>\n<\/li>\n<li data-start=\"180\" data-end=\"227\">\n<p data-start=\"182\" data-end=\"227\">Afmetingen (uitgeklapt): 350 \u00d7 665 \u00d7 116 mm<\/p>\n<\/li>\n<li data-start=\"228\" data-end=\"244\">\n<p data-start=\"230\" data-end=\"244\">Massa: 959 g<\/p>\n<\/li>\n<li data-start=\"245\" data-end=\"284\">\n<p data-start=\"247\" data-end=\"284\">Maximaal startmassa (MTOM): 1 450 g<\/p>\n<\/li>\n<li data-start=\"285\" data-end=\"401\">\n<p data-start=\"287\" data-end=\"317\">Maximale transmissie-bereik:<\/p>\n<ul data-start=\"320\" data-end=\"401\">\n<li data-start=\"320\" data-end=\"339\">\n<p data-start=\"322\" data-end=\"339\">5G*: onbeperkt*<\/p>\n<\/li>\n<li data-start=\"342\" data-end=\"358\">\n<p data-start=\"344\" data-end=\"358\">Wi-Fi*: 5 km<\/p>\n<\/li>\n<li data-start=\"361\" data-end=\"383\">\n<p data-start=\"363\" data-end=\"383\">MARS-radio*: 15 km<\/p>\n<\/li>\n<li data-start=\"386\" data-end=\"401\">\n<p data-start=\"388\" data-end=\"401\">LoRa: 20 km<\/p>\n<\/li>\n<\/ul>\n<\/li>\n<li data-start=\"402\" data-end=\"462\">\n<p data-start=\"404\" data-end=\"462\">Maximale vliegtijd: 38 minuten (bij luchtsnelheid 6 m\/s)<\/p>\n<\/li>\n<li data-start=\"463\" data-end=\"528\">\n<p data-start=\"465\" data-end=\"528\">Maximale vlieghoekafstand: 23,1 km (bij luchtsnelheid 10 m\/s)<\/p>\n<\/li>\n<li data-start=\"529\" data-end=\"575\">\n<p data-start=\"531\" data-end=\"575\">Maximale horizontale luchtsnelheid: 17 m\/s<\/p>\n<\/li>\n<li data-start=\"576\" data-end=\"624\">\n<p data-start=\"578\" data-end=\"624\">Maximale horizontale grondsnelheid: 12,6 m\/s<\/p>\n<\/li>\n<li data-start=\"625\" data-end=\"658\">\n<p data-start=\"627\" data-end=\"658\">Maximale stijgsnelheid: 8 m\/s<\/p>\n<\/li>\n<li data-start=\"659\" data-end=\"691\">\n<p data-start=\"661\" data-end=\"691\">Maximale daalsnelheid: 8 m\/s<\/p>\n<\/li>\n<li data-start=\"692\" data-end=\"791\">\n<p data-start=\"694\" data-end=\"723\">Maximaal windbestendigheid:<\/p>\n<ul data-start=\"726\" data-end=\"791\">\n<li data-start=\"726\" data-end=\"752\">\n<p data-start=\"728\" data-end=\"752\">Tijdens vlucht: 15 m\/s<\/p>\n<\/li>\n<li data-start=\"755\" data-end=\"791\">\n<p data-start=\"757\" data-end=\"791\">Tijdens opstijgen\/landen: 15 m\/s<\/p>\n<\/li>\n<\/ul>\n<\/li>\n<li data-start=\"792\" data-end=\"833\">\n<p data-start=\"794\" data-end=\"833\">Maximale propellersnelheid: 8.500 rpm<\/p>\n<\/li>\n<li data-start=\"834\" data-end=\"876\">\n<p data-start=\"836\" data-end=\"876\">Geluidsvermogen op 1 m afstand: 77 dBA<\/p>\n<\/li>\n<li data-start=\"877\" data-end=\"925\">\n<p data-start=\"879\" data-end=\"925\">Dienstplafond: 5.000 m boven zeeniveau (MSL)<\/p>\n<\/li>\n<li data-start=\"926\" data-end=\"968\">\n<p data-start=\"928\" data-end=\"968\">Bedrijfstemperatuur: -36 \u00b0C tot +50 \u00b0C<\/p>\n<\/li>\n<li data-start=\"969\" data-end=\"1073\">\n<p data-start=\"971\" data-end=\"1073\">Geen beperking voor de op\u00adstijg\u00adtemperatuur indien de batterij bewaard wordt tussen -20 \u00b0C en +50 \u00b0C<\/p>\n<\/li>\n<li data-start=\"1074\" data-end=\"1125\">\n<p data-start=\"1076\" data-end=\"1125\">Beschermings\u00adklasse: IP53 (tegen regen en stof)<\/p>\n<\/li>\n<li data-start=\"1126\" data-end=\"1168\">\n<p data-start=\"1128\" data-end=\"1168\">Geen no-fly-zone beperkingen standaard<\/p>\n<\/li>\n<li data-start=\"1169\" data-end=\"1226\">\n<p data-start=\"1171\" data-end=\"1226\">Opstijgen\/landen mogelijk uit de hand van de operator<\/p>\n<\/li>\n<li data-start=\"1227\" data-end=\"1290\">\n<p data-start=\"1229\" data-end=\"1290\">Optische navigatie mogelijk voor GNSS-verstoorde omgevingen<\/p>\n<\/li>\n<li data-start=\"1291\" data-end=\"1316\">\n<p data-start=\"1293\" data-end=\"1316\">Binnenvlucht mogelijk<\/p>\n<\/li>\n<li data-start=\"1317\" data-end=\"1348\">\n<p data-start=\"1319\" data-end=\"1348\">MicroSD-kaart-slot aanwezig<\/p>\n<\/li>\n<li data-start=\"1349\" data-end=\"1387\">\n<p data-start=\"1351\" data-end=\"1387\">Deployertijd: minder dan 2 minuten<\/p>\n<\/li>\n<\/ul>\n<hr data-start=\"1389\" data-end=\"1392\" \/>\n<h3 data-start=\"1394\" data-end=\"1408\">Sensoren<\/h3>\n<ul data-start=\"1409\" data-end=\"1658\">\n<li data-start=\"1409\" data-end=\"1463\">\n<p data-start=\"1411\" data-end=\"1463\">Satellietnavigatie: GPS, GLONASS, Galileo &amp; BeiDou<\/p>\n<\/li>\n<li data-start=\"1464\" data-end=\"1493\">\n<p data-start=\"1466\" data-end=\"1493\">Barometer en magnetometer<\/p>\n<\/li>\n<li data-start=\"1494\" data-end=\"1556\">\n<p data-start=\"1496\" data-end=\"1556\">Voor- en onder\u00adstereo\u00adcamera\u2019s en verticale afstandssensor<\/p>\n<\/li>\n<li data-start=\"1557\" data-end=\"1658\">\n<p data-start=\"1559\" data-end=\"1658\">Inertial Measurement Units (IMU): 4\u00d7 6-as (3-as versnellers + 3-as gyroscopen) (type ICM-40609-D)<\/p>\n<\/li>\n<\/ul>\n<hr data-start=\"1660\" data-end=\"1663\" \/>\n<h3 data-start=\"1665\" data-end=\"1684\">Cybersecurity<\/h3>\n<ul data-start=\"1685\" data-end=\"2004\">\n<li data-start=\"1685\" data-end=\"1753\">\n<p data-start=\"1687\" data-end=\"1753\">Geen gegevens worden gedeeld zonder toestemming van de gebruiker<\/p>\n<\/li>\n<li data-start=\"1754\" data-end=\"1874\">\n<p data-start=\"1756\" data-end=\"1874\">Mogelijkheid om gegevens priv\u00e9 te beheren tussen drone en toestel of anoniem te delen op beveiligde Europese servers<\/p>\n<\/li>\n<li data-start=\"1875\" data-end=\"1926\">\n<p data-start=\"1877\" data-end=\"1926\">SD-kaart-encryptie: AES-XTS met 512-bit sleutel<\/p>\n<\/li>\n<li data-start=\"1927\" data-end=\"1960\">\n<p data-start=\"1929\" data-end=\"1960\">Firmware digitaal ondertekend<\/p>\n<\/li>\n<li data-start=\"1961\" data-end=\"2004\">\n<p data-start=\"1963\" data-end=\"2004\">Voldoet aan FIPS 140-2 beveiligingsnorm<\/p>\n<\/li>\n<\/ul>\n<hr data-start=\"2006\" data-end=\"2009\" \/>\n<h3 data-start=\"2011\" data-end=\"2026\">Radiolink<\/h3>\n<ul data-start=\"2027\" data-end=\"2216\">\n<li data-start=\"2027\" data-end=\"2107\">\n<p data-start=\"2029\" data-end=\"2107\">5G*, Wi-Fi*, MARS** (frequentie-hopping militaire radio) en LoRa back-uplink<\/p>\n<\/li>\n<li data-start=\"2108\" data-end=\"2162\">\n<p data-start=\"2110\" data-end=\"2162\">Directe videostreaming resolutie: 1080p bij 30 fps<\/p>\n<\/li>\n<li data-start=\"2163\" data-end=\"2216\">\n<p data-start=\"2165\" data-end=\"2216\">Encryptie op pakket- en radio\u00adniveau: AES 256-bit<\/p>\n<\/li>\n<\/ul>\n<hr data-start=\"2218\" data-end=\"2221\" \/>\n<h3 data-start=\"2223\" data-end=\"2254\">EO beeldketen (dagoptiek)<\/h3>\n<ul data-start=\"2255\" data-end=\"2574\">\n<li data-start=\"2255\" data-end=\"2277\">\n<p data-start=\"2257\" data-end=\"2277\">2 sensoren: 1\/2,4\u2033<\/p>\n<\/li>\n<li data-start=\"2278\" data-end=\"2300\">\n<p data-start=\"2280\" data-end=\"2300\">Digitale zoom: 35\u00d7<\/p>\n<\/li>\n<li data-start=\"2301\" data-end=\"2339\">\n<p data-start=\"2303\" data-end=\"2339\">Sluitertijd: 1\/25 s tot 1\/10.000 s<\/p>\n<\/li>\n<li data-start=\"2340\" data-end=\"2370\">\n<p data-start=\"2342\" data-end=\"2370\">ISO-bereik: 100 tot 12.800<\/p>\n<\/li>\n<li data-start=\"2371\" data-end=\"2406\">\n<p data-start=\"2373\" data-end=\"2406\">Video\u00adresoluties: 4K \/ FHD \/ HD<\/p>\n<\/li>\n<li data-start=\"2407\" data-end=\"2446\">\n<p data-start=\"2409\" data-end=\"2446\">Video\u00adformaten: MP4 (H.264 &amp; H.265)<\/p>\n<\/li>\n<li data-start=\"2447\" data-end=\"2539\">\n<p data-start=\"2449\" data-end=\"2539\">Foto\u00adresoluties: breed 21 MP (84\u00b0 gezichtsveld) \/ rechthoekig maximaal 16 MP (tot 75,2\u00b0)<\/p>\n<\/li>\n<li data-start=\"2540\" data-end=\"2574\">\n<p data-start=\"2542\" data-end=\"2574\">Foto\u00adformaten: JPEG, DNG (RAW)<\/p>\n<\/li>\n<\/ul>\n<hr data-start=\"2576\" data-end=\"2579\" \/>\n<h3 data-start=\"2581\" data-end=\"2612\">IR beeldketen (thermisch)<\/h3>\n<ul data-start=\"2613\" data-end=\"2906\">\n<li data-start=\"2613\" data-end=\"2635\">\n<p data-start=\"2615\" data-end=\"2635\">Sensor: FLIR BOSON<\/p>\n<\/li>\n<li data-start=\"2636\" data-end=\"2663\">\n<p data-start=\"2638\" data-end=\"2663\">Resolutie: 640 \u00d7 512 px<\/p>\n<\/li>\n<li data-start=\"2664\" data-end=\"2706\">\n<p data-start=\"2666\" data-end=\"2706\">Temperatuur\u00adbereik: -40 \u00b0C tot +250 \u00b0C<\/p>\n<\/li>\n<li data-start=\"2707\" data-end=\"2743\">\n<p data-start=\"2709\" data-end=\"2743\">Thermische gevoeligheid: \u2264 60 mK<\/p>\n<\/li>\n<li data-start=\"2744\" data-end=\"2797\">\n<p data-start=\"2746\" data-end=\"2797\">Gemeten IR golflengte\u00adbereik: 8 tot 14 micrometer<\/p>\n<\/li>\n<li data-start=\"2798\" data-end=\"2842\">\n<p data-start=\"2800\" data-end=\"2842\">Video\u00adresolutie: UHD (2160p) bij 8,6 fps<\/p>\n<\/li>\n<li data-start=\"2843\" data-end=\"2882\">\n<p data-start=\"2845\" data-end=\"2882\">Video\u00adformaten: MP4 (H.264 \/ H.265)<\/p>\n<\/li>\n<li data-start=\"2883\" data-end=\"2906\">\n<p data-start=\"2885\" data-end=\"2906\">Foto\u00adformaten: JPEG<\/p>\n<\/li>\n<\/ul>\n<hr data-start=\"2908\" data-end=\"2911\" \/>\n<h3 data-start=\"2913\" data-end=\"2936\">Beeldstabilisatie<\/h3>\n<ul data-start=\"2937\" data-end=\"3056\">\n<li data-start=\"2937\" data-end=\"3017\">\n<p data-start=\"2939\" data-end=\"3017\">3-camera IR\/EO gimbal, 3-as stabilisatie (hybride mechanisch + elektronisch)<\/p>\n<\/li>\n<li data-start=\"3018\" data-end=\"3056\">\n<p data-start=\"3020\" data-end=\"3056\">Gimbal kantelbereik: -90\u00b0 tot +90\u00b0<\/p>\n<\/li>\n<\/ul>\n<hr data-start=\"3058\" data-end=\"3061\" \/>\n<h3 data-start=\"3063\" data-end=\"3084\">Slimme batterij<\/h3>\n<ul data-start=\"3085\" data-end=\"3369\">\n<li data-start=\"3085\" data-end=\"3117\">\n<p data-start=\"3087\" data-end=\"3117\">Afmetingen: 136 \u00d7 73 \u00d7 46 mm<\/p>\n<\/li>\n<li data-start=\"3118\" data-end=\"3134\">\n<p data-start=\"3120\" data-end=\"3134\">Massa: 344 g<\/p>\n<\/li>\n<li data-start=\"3135\" data-end=\"3174\">\n<p data-start=\"3137\" data-end=\"3174\">Type: High density LiPo (227 Wh\/kg)<\/p>\n<\/li>\n<li data-start=\"3175\" data-end=\"3200\">\n<p data-start=\"3177\" data-end=\"3200\">Capaciteit: 6.800 mAh<\/p>\n<\/li>\n<li data-start=\"3201\" data-end=\"3251\">\n<p data-start=\"3203\" data-end=\"3251\">Nominale spanning: 11,55 V (3 \u00d7 3,85 V cellen)<\/p>\n<\/li>\n<li data-start=\"3252\" data-end=\"3272\">\n<p data-start=\"3254\" data-end=\"3272\">Laadpoort: USB-C<\/p>\n<\/li>\n<li data-start=\"3273\" data-end=\"3337\">\n<p data-start=\"3275\" data-end=\"3337\">Volledige lading in 2 u 30 min met meegeleverde USB-PD lader<\/p>\n<\/li>\n<li data-start=\"3338\" data-end=\"3369\">\n<p data-start=\"3340\" data-end=\"3369\">Maximaal laadvermogen: 45 W<\/p>\n<\/li>\n<\/ul>\n<hr data-start=\"3371\" data-end=\"3374\" \/>\n<h3 data-start=\"3376\" data-end=\"3424\">Grond\u00adcontrole\u00adstation \u2013 SkyController UKR<\/h3>\n<ul data-start=\"3425\" data-end=\"3962\">\n<li data-start=\"3425\" data-end=\"3471\">\n<p data-start=\"3427\" data-end=\"3471\">Afmetingen (opgevouwen): 171 \u00d7 302 \u00d7 77 mm<\/p>\n<\/li>\n<li data-start=\"3472\" data-end=\"3519\">\n<p data-start=\"3474\" data-end=\"3519\">Afmetingen (uitgeklapt): 171 \u00d7 302 \u00d7 215 mm<\/p>\n<\/li>\n<li data-start=\"3520\" data-end=\"3538\">\n<p data-start=\"3522\" data-end=\"3538\">Massa: 1.764 g<\/p>\n<\/li>\n<li data-start=\"3539\" data-end=\"3574\">\n<p data-start=\"3541\" data-end=\"3574\">Batterij\u00adcapaciteit: 10.000 mAh<\/p>\n<\/li>\n<li data-start=\"3575\" data-end=\"3603\">\n<p data-start=\"3577\" data-end=\"3603\">Nominale spanning: 7,2 V<\/p>\n<\/li>\n<li data-start=\"3604\" data-end=\"3643\">\n<p data-start=\"3606\" data-end=\"3643\">Oplaadtijd: 2 u (2 u 30 met tablet)<\/p>\n<\/li>\n<li data-start=\"3644\" data-end=\"3669\">\n<p data-start=\"3646\" data-end=\"3669\">Autonomie: 4 u 30 min<\/p>\n<\/li>\n<li data-start=\"3670\" data-end=\"3789\">\n<p data-start=\"3672\" data-end=\"3789\">Aansluit\u00adpoorten: USB-C (tablet), USB-C (oplader), USB-A (koppeling + accessoires), Ethernet (Remote Antenna), HDMI<\/p>\n<\/li>\n<li data-start=\"3790\" data-end=\"3834\">\n<p data-start=\"3792\" data-end=\"3834\">Beschermings\u00adklasse: IP53 (regen &amp; stof)<\/p>\n<\/li>\n<li data-start=\"3835\" data-end=\"3913\">\n<p data-start=\"3837\" data-end=\"3913\">Tablet versie: wordt geleverd met Samsung tablet, compatibel met iPad Mini<\/p>\n<\/li>\n<li data-start=\"3914\" data-end=\"3962\">\n<p data-start=\"3916\" data-end=\"3962\">Het systeem is ook beschikbaar zonder tablet<\/p>\n<\/li>\n<\/ul>\n<hr data-start=\"3964\" data-end=\"3967\" \/>\n<h3 data-start=\"3969\" data-end=\"4013\">Geavanceerde vlucht\u00adapp \u2013 FreeFlight 8<\/h3>\n<ul data-start=\"4014\" data-end=\"4309\">\n<li data-start=\"4014\" data-end=\"4074\">\n<p data-start=\"4016\" data-end=\"4074\">Vlucht\u00adplanning met waypoints en punten van belang (POI)<\/p>\n<\/li>\n<li data-start=\"4075\" data-end=\"4107\">\n<p data-start=\"4077\" data-end=\"4107\">Object\u00adherkenning &amp; tracking<\/p>\n<\/li>\n<li data-start=\"4108\" data-end=\"4134\">\n<p data-start=\"4110\" data-end=\"4134\">Cursor On Target (COT)<\/p>\n<\/li>\n<li data-start=\"4135\" data-end=\"4162\">\n<p data-start=\"4137\" data-end=\"4162\">Videostreaming &amp; opname<\/p>\n<\/li>\n<li data-start=\"4163\" data-end=\"4209\">\n<p data-start=\"4165\" data-end=\"4209\">Instellingen beheer voor EO en IR camera\u2019s<\/p>\n<\/li>\n<li data-start=\"4210\" data-end=\"4231\">\n<p data-start=\"4212\" data-end=\"4231\">Touch &amp; Fly modus<\/p>\n<\/li>\n<li data-start=\"4232\" data-end=\"4266\">\n<p data-start=\"4234\" data-end=\"4266\">Systeem instellingen en beheer<\/p>\n<\/li>\n<li data-start=\"4267\" data-end=\"4309\">\n<p data-start=\"4269\" data-end=\"4309\">Vlucht\u00adlogboeken opname en terugkijken<\/p>\n<\/li>\n<\/ul>","protected":false},"excerpt":{"rendered":"<p>UAV Afmetingen (opgevouwen): 245 \u00d7 160 \u00d7 116 mm Afmetingen (uitgeklapt): 350 \u00d7 665 \u00d7 116 mm Massa: 959 g Maximaal startmassa [&hellip;]<\/p>","protected":false},"featured_media":4121,"template":"","meta":{"content-type":""},"product_brand":[],"product_cat":[257],"product_tag":[],"class_list":{"0":"post-4120","1":"product","2":"type-product","3":"status-publish","4":"has-post-thumbnail","6":"product_cat-parrot-anafi-ukr","8":"first","9":"instock","10":"taxable","11":"shipping-taxable","12":"product-type-simple"},"yoast_head":"<!-- This site is optimized with the Yoast SEO plugin v26.9 - https:\/\/yoast.com\/product\/yoast-seo-wordpress\/ -->\n<title>Parrot Anafi UKR - Professionele Drones | DJI Enterprise<\/title>\n<meta name=\"robots\" content=\"index, follow, max-snippet:-1, max-image-preview:large, max-video-preview:-1\" \/>\n<link rel=\"canonical\" href=\"https:\/\/www.aerialsolutions.be\/fr\/produit\/parrot-anafi-ukr\/\" \/>\n<meta property=\"og:locale\" content=\"fr_FR\" \/>\n<meta property=\"og:type\" content=\"article\" \/>\n<meta property=\"og:title\" content=\"Parrot Anafi UKR - Professionele Drones | DJI Enterprise\" \/>\n<meta property=\"og:description\" content=\"UAV Afmetingen (opgevouwen): 245 \u00d7 160 \u00d7 116 mm Afmetingen (uitgeklapt): 350 \u00d7 665 \u00d7 116 mm Massa: 959 g Maximaal startmassa [&hellip;]\" \/>\n<meta property=\"og:url\" content=\"https:\/\/www.aerialsolutions.be\/fr\/produit\/parrot-anafi-ukr\/\" \/>\n<meta property=\"og:site_name\" content=\"Professionele Drones | DJI Enterprise\" \/>\n<meta property=\"article:modified_time\" content=\"2025-11-16T10:42:38+00:00\" \/>\n<meta property=\"og:image\" content=\"https:\/\/www.aerialsolutions.be\/wp-content\/uploads\/2025\/11\/Parrot-anafi-ukr.jpg\" \/>\n\t<meta property=\"og:image:width\" content=\"895\" \/>\n\t<meta property=\"og:image:height\" content=\"760\" \/>\n\t<meta property=\"og:image:type\" content=\"image\/jpeg\" \/>\n<meta name=\"twitter:card\" content=\"summary_large_image\" \/>\n<meta name=\"twitter:label1\" content=\"Dur\u00e9e de lecture est.\" \/>\n\t<meta name=\"twitter:data1\" content=\"2 minutes\" \/>\n<script type=\"application\/ld+json\" class=\"yoast-schema-graph\">{\"@context\":\"https:\/\/schema.org\",\"@graph\":[{\"@type\":\"WebPage\",\"@id\":\"https:\/\/www.aerialsolutions.be\/product\/parrot-anafi-ukr\/\",\"url\":\"https:\/\/www.aerialsolutions.be\/product\/parrot-anafi-ukr\/\",\"name\":\"Parrot Anafi UKR - Professionele Drones | DJI Enterprise\",\"isPartOf\":{\"@id\":\"https:\/\/www.aerialsolutions.be\/fr\/#website\"},\"primaryImageOfPage\":{\"@id\":\"https:\/\/www.aerialsolutions.be\/product\/parrot-anafi-ukr\/#primaryimage\"},\"image\":{\"@id\":\"https:\/\/www.aerialsolutions.be\/product\/parrot-anafi-ukr\/#primaryimage\"},\"thumbnailUrl\":\"https:\/\/www.aerialsolutions.be\/wp-content\/uploads\/2025\/11\/Parrot-anafi-ukr.jpg\",\"datePublished\":\"2025-11-16T10:39:16+00:00\",\"dateModified\":\"2025-11-16T10:42:38+00:00\",\"breadcrumb\":{\"@id\":\"https:\/\/www.aerialsolutions.be\/product\/parrot-anafi-ukr\/#breadcrumb\"},\"inLanguage\":\"fr-BE\",\"potentialAction\":[{\"@type\":\"ReadAction\",\"target\":[\"https:\/\/www.aerialsolutions.be\/product\/parrot-anafi-ukr\/\"]}]},{\"@type\":\"ImageObject\",\"inLanguage\":\"fr-BE\",\"@id\":\"https:\/\/www.aerialsolutions.be\/product\/parrot-anafi-ukr\/#primaryimage\",\"url\":\"https:\/\/www.aerialsolutions.be\/wp-content\/uploads\/2025\/11\/Parrot-anafi-ukr.jpg\",\"contentUrl\":\"https:\/\/www.aerialsolutions.be\/wp-content\/uploads\/2025\/11\/Parrot-anafi-ukr.jpg\",\"width\":895,\"height\":760},{\"@type\":\"BreadcrumbList\",\"@id\":\"https:\/\/www.aerialsolutions.be\/product\/parrot-anafi-ukr\/#breadcrumb\",\"itemListElement\":[{\"@type\":\"ListItem\",\"position\":1,\"name\":\"Home\",\"item\":\"https:\/\/www.aerialsolutions.be\/\"},{\"@type\":\"ListItem\",\"position\":2,\"name\":\"Winkel\",\"item\":\"https:\/\/www.aerialsolutions.be\/shop\/\"},{\"@type\":\"ListItem\",\"position\":3,\"name\":\"Parrot Anafi UKR\"}]},{\"@type\":\"WebSite\",\"@id\":\"https:\/\/www.aerialsolutions.be\/fr\/#website\",\"url\":\"https:\/\/www.aerialsolutions.be\/fr\/\",\"name\":\"Professionele Drones | DJI Enterprise\",\"description\":\"Verkoop van DJI Enterprise Drones\",\"potentialAction\":[{\"@type\":\"SearchAction\",\"target\":{\"@type\":\"EntryPoint\",\"urlTemplate\":\"https:\/\/www.aerialsolutions.be\/fr\/?s={search_term_string}\"},\"query-input\":{\"@type\":\"PropertyValueSpecification\",\"valueRequired\":true,\"valueName\":\"search_term_string\"}}],\"inLanguage\":\"fr-BE\"}]}<\/script>\n<!-- \/ Yoast SEO plugin. -->","yoast_head_json":{"title":"Parrot Anafi UKR - Professionele Drones | DJI Enterprise","robots":{"index":"index","follow":"follow","max-snippet":"max-snippet:-1","max-image-preview":"max-image-preview:large","max-video-preview":"max-video-preview:-1"},"canonical":"https:\/\/www.aerialsolutions.be\/fr\/produit\/parrot-anafi-ukr\/","og_locale":"fr_FR","og_type":"article","og_title":"Parrot Anafi UKR - Professionele Drones | DJI Enterprise","og_description":"UAV Afmetingen (opgevouwen): 245 \u00d7 160 \u00d7 116 mm Afmetingen (uitgeklapt): 350 \u00d7 665 \u00d7 116 mm Massa: 959 g Maximaal startmassa [&hellip;]","og_url":"https:\/\/www.aerialsolutions.be\/fr\/produit\/parrot-anafi-ukr\/","og_site_name":"Professionele Drones | DJI Enterprise","article_modified_time":"2025-11-16T10:42:38+00:00","og_image":[{"width":895,"height":760,"url":"https:\/\/www.aerialsolutions.be\/wp-content\/uploads\/2025\/11\/Parrot-anafi-ukr.jpg","type":"image\/jpeg"}],"twitter_card":"summary_large_image","twitter_misc":{"Dur\u00e9e de lecture est.":"2 minutes"},"schema":{"@context":"https:\/\/schema.org","@graph":[{"@type":"WebPage","@id":"https:\/\/www.aerialsolutions.be\/product\/parrot-anafi-ukr\/","url":"https:\/\/www.aerialsolutions.be\/product\/parrot-anafi-ukr\/","name":"Parrot Anafi UKR - Professionele Drones | DJI Enterprise","isPartOf":{"@id":"https:\/\/www.aerialsolutions.be\/fr\/#website"},"primaryImageOfPage":{"@id":"https:\/\/www.aerialsolutions.be\/product\/parrot-anafi-ukr\/#primaryimage"},"image":{"@id":"https:\/\/www.aerialsolutions.be\/product\/parrot-anafi-ukr\/#primaryimage"},"thumbnailUrl":"https:\/\/www.aerialsolutions.be\/wp-content\/uploads\/2025\/11\/Parrot-anafi-ukr.jpg","datePublished":"2025-11-16T10:39:16+00:00","dateModified":"2025-11-16T10:42:38+00:00","breadcrumb":{"@id":"https:\/\/www.aerialsolutions.be\/product\/parrot-anafi-ukr\/#breadcrumb"},"inLanguage":"fr-BE","potentialAction":[{"@type":"ReadAction","target":["https:\/\/www.aerialsolutions.be\/product\/parrot-anafi-ukr\/"]}]},{"@type":"ImageObject","inLanguage":"fr-BE","@id":"https:\/\/www.aerialsolutions.be\/product\/parrot-anafi-ukr\/#primaryimage","url":"https:\/\/www.aerialsolutions.be\/wp-content\/uploads\/2025\/11\/Parrot-anafi-ukr.jpg","contentUrl":"https:\/\/www.aerialsolutions.be\/wp-content\/uploads\/2025\/11\/Parrot-anafi-ukr.jpg","width":895,"height":760},{"@type":"BreadcrumbList","@id":"https:\/\/www.aerialsolutions.be\/product\/parrot-anafi-ukr\/#breadcrumb","itemListElement":[{"@type":"ListItem","position":1,"name":"Home","item":"https:\/\/www.aerialsolutions.be\/"},{"@type":"ListItem","position":2,"name":"Winkel","item":"https:\/\/www.aerialsolutions.be\/shop\/"},{"@type":"ListItem","position":3,"name":"Parrot Anafi UKR"}]},{"@type":"WebSite","@id":"https:\/\/www.aerialsolutions.be\/fr\/#website","url":"https:\/\/www.aerialsolutions.be\/fr\/","name":"Professionele Drones | DJI Enterprise","description":"Verkoop van DJI Enterprise Drones","potentialAction":[{"@type":"SearchAction","target":{"@type":"EntryPoint","urlTemplate":"https:\/\/www.aerialsolutions.be\/fr\/?s={search_term_string}"},"query-input":{"@type":"PropertyValueSpecification","valueRequired":true,"valueName":"search_term_string"}}],"inLanguage":"fr-BE"}]}},"_links":{"self":[{"href":"https:\/\/www.aerialsolutions.be\/fr\/wp-json\/wp\/v2\/product\/4120","targetHints":{"allow":["GET"]}}],"collection":[{"href":"https:\/\/www.aerialsolutions.be\/fr\/wp-json\/wp\/v2\/product"}],"about":[{"href":"https:\/\/www.aerialsolutions.be\/fr\/wp-json\/wp\/v2\/types\/product"}],"wp:featuredmedia":[{"embeddable":true,"href":"https:\/\/www.aerialsolutions.be\/fr\/wp-json\/wp\/v2\/media\/4121"}],"wp:attachment":[{"href":"https:\/\/www.aerialsolutions.be\/fr\/wp-json\/wp\/v2\/media?parent=4120"}],"wp:term":[{"taxonomy":"product_brand","embeddable":true,"href":"https:\/\/www.aerialsolutions.be\/fr\/wp-json\/wp\/v2\/product_brand?post=4120"},{"taxonomy":"product_cat","embeddable":true,"href":"https:\/\/www.aerialsolutions.be\/fr\/wp-json\/wp\/v2\/product_cat?post=4120"},{"taxonomy":"product_tag","embeddable":true,"href":"https:\/\/www.aerialsolutions.be\/fr\/wp-json\/wp\/v2\/product_tag?post=4120"}],"curies":[{"name":"wp","href":"https:\/\/api.w.org\/{rel}","templated":true}]}}