{"id":4127,"date":"2025-12-12T12:13:22","date_gmt":"2025-12-12T12:13:22","guid":{"rendered":"https:\/\/www.aerialsolutions.be\/?post_type=product&#038;p=4127"},"modified":"2025-12-12T12:13:23","modified_gmt":"2025-12-12T12:13:23","slug":"dji-zenmuse-l3","status":"publish","type":"product","link":"https:\/\/www.aerialsolutions.be\/fr\/produit\/dji-zenmuse-l3\/","title":{"rendered":"DJI Zenmuse L3"},"content":{"rendered":"<p>Hieronder staat de <strong>Nederlandse vertaling<\/strong> van je tekst (inhoudelijk trouw, licht leesbaar gemaakt):<\/p>\n<hr \/>\n<h2>Beste kenmerken van de DJI Zenmuse L3 drone-LiDAR-payload<\/h2>\n<p>Ontdek de beste kenmerken van de <strong>DJI Zenmuse L3-payload<\/strong>, waaronder <strong>dubbele 100MP-camera\u2019s<\/strong>, <strong>tot 16 returns<\/strong> en <strong>langeafstands-precisie<\/strong> voor snellere en slimmere drone-mapping.<\/p>\n<p>DJI heeft de <strong>Zenmuse L3<\/strong> gelanceerd om detectie, penetratie, nauwkeurigheid en effici\u00ebntie naar een hoger niveau te tillen.<\/p>\n<p>De L3 is compatibel met de <strong>DJI Matrice 400<\/strong> en beschikt over geavanceerde LiDAR-technologie, dubbele 100MP-camera\u2019s en een uiterst nauwkeurig inertieel navigatiesysteem.<\/p>\n<p>Lees verder om de belangrijkste functies van deze payload te ontdekken en hoe ze drone-surveying verbeteren.<\/p>\n<p>De <strong>DJI Zenmuse L3<\/strong> betekent een grote sprong voorwaarts in drone-gebaseerde LiDAR-technologie en biedt verbeterde detectie, penetratie en nauwkeurigheid.<\/p>\n<p>Ontworpen voor de <strong>DJI Matrice 400<\/strong>, en aangedreven door geavanceerde LiDAR-optica, dubbele 100MP-camera\u2019s en meerdere scanmodi, geeft de L3 survey-professionals meer controle, detail en effici\u00ebntie.<\/p>\n<hr \/>\n<h2>DJI Zenmuse L3 \u2013 belangrijkste punten<\/h2>\n<ul>\n<li><strong>Uitzonderlijk bereik<\/strong>: Detecteert objecten tot <strong>950 m<\/strong> bij 100 kHz, met hoge nauwkeurigheid.<\/li>\n<li><strong>Survey-nauwkeurigheid<\/strong>:\n<ul>\n<li>3,5 cm verticale nauwkeurigheid<\/li>\n<li>5 cm horizontale nauwkeurigheid<br \/>\n(vanaf 150 m hoogte)<\/li>\n<\/ul>\n<\/li>\n<li><strong>Tot 16 returns<\/strong>: Meerdere reflecties per puls voor rijke, gedetailleerde puntenwolken \u2013 ideaal voor vegetatie en structuren.<\/li>\n<li><strong>Drie scanmodi<\/strong>: Lineair, Stervormig en Niet-repetitief voor maximale flexibiliteit.<\/li>\n<li><strong>Hogere werkhoogte<\/strong>: Typische werkhoogte tot <strong>500 m<\/strong>, geschikt voor 1:1000 mapping.<\/li>\n<li><strong>Aanpasbare samplefrequentie<\/strong>: Van <strong>100 kHz tot 2 MHz<\/strong> voor optimale dichtheid, penetratie en bereik.<\/li>\n<li><strong>Dubbele 100MP-camera\u2019s<\/strong>: Gelijktijdige LiDAR- en RGB-opname voor effici\u00ebnte kleurmapping.<\/li>\n<li><strong>Ge\u00efntegreerde workflow<\/strong>: Volledige ondersteuning in <strong>DJI Terra<\/strong> en <strong>DJI Modify<\/strong>, inclusief true-colour puntenwolken en Gaussian Splatting-modellen.<\/li>\n<li><strong>Toepassingen<\/strong>: Topografische mapping, bosbouw, inspectie van hoogspanningslijnen, bouwmonitoring, stedelijke modellering en openbare veiligheid.<\/li>\n<li><strong>\u00a0ondersteuning<\/strong>: Interne LiDAR-experts voor setup, training en integratie.<\/li>\n<\/ul>\n<hr \/>\n<h2>DJI Zenmuse L3 \u2013 Belangrijkste specificaties (samenvatting)<\/h2>\n<ul>\n<li><strong>Afmetingen<\/strong>: 192 \u00d7 162 \u00d7 202 mm<\/li>\n<li><strong>Gewicht<\/strong>: 1,6 kg<\/li>\n<li><strong>Max. bereik<\/strong>: 950 m @ 100 kHz<\/li>\n<li><strong>Nauwkeurigheid<\/strong>:\n<ul>\n<li>120 m: V 3 cm \/ H 4 cm<\/li>\n<li>150 m: V \u00b13,5 cm \/ H \u00b15 cm<\/li>\n<li>300 m: V 5 cm \/ H 7,5 cm<\/li>\n<\/ul>\n<\/li>\n<li><strong>Scanmodi<\/strong>: Lineair, Stervormig, Niet-repetitief<\/li>\n<li><strong>Samplefrequentie<\/strong>: 100 kHz \u2013 2 MHz<\/li>\n<li><strong>Returns<\/strong>: Tot 16 per puls<\/li>\n<li><strong>Werkhoogte<\/strong>: Typisch tot 500 m<\/li>\n<li><strong>Camera\u2019s<\/strong>: Dubbele 100MP M4\/3, 107\u00b0 FOV<\/li>\n<li><strong>Compatibele drone<\/strong>: DJI Matrice 400<\/li>\n<li><strong>Software<\/strong>: DJI Terra, DJI Modify, DJI FlightHub 2<\/li>\n<li><strong>Outputs<\/strong>: Puntenwolk, orthofoto, 3D-mesh, Gaussian Splatting, DEM<\/li>\n<\/ul>\n<hr \/>\n<h2>Belangrijkste functies uitgelegd<\/h2>\n<h3>1. Tot 16 returns voor rijkere data<\/h3>\n<p>Elke laserpuls kan meerdere oppervlakken registreren, zoals bladerdak, vegetatie en de grond daaronder.<\/p>\n<p><strong>Voordelen<\/strong><\/p>\n<ul>\n<li>Betere terreinmodellen onder begroeiing<\/li>\n<li>Nauwkeurige stedelijke en structurele reconstructies<\/li>\n<li>Betere classificatie van natuurlijke en bebouwde omgeving<\/li>\n<\/ul>\n<hr \/>\n<h3>2. Drie intelligente scanmodi<\/h3>\n<ul>\n<li><strong>Lineair<\/strong>: Hoge precisie (engineering &amp; corridors)<\/li>\n<li><strong>Stervormig<\/strong>: Balans tussen dekking en nauwkeurigheid<\/li>\n<li><strong>Niet-repetitief<\/strong>: Volledige dekking van structuren en gevels<\/li>\n<\/ul>\n<p><strong>Waarom belangrijk<\/strong>: Direct aanpasbaar aan elk terrein zonder van payload te wisselen.<\/p>\n<hr \/>\n<h3>3. Adaptieve samplefrequentie<\/h3>\n<ul>\n<li><strong>2 MHz<\/strong>: Lage hoogte, maximale detailweergave<\/li>\n<li><strong>1 MHz<\/strong>: Lage tot middelhoge hoogte<\/li>\n<li><strong>350 kHz<\/strong>: Allround mapping (60\u2013300 m)<\/li>\n<li><strong>100 kHz<\/strong>: Hoge hoogte, maximale penetratie<\/li>\n<\/ul>\n<p><strong>Resultaat<\/strong>: Optimale balans tussen puntdichtheid, bereik en effici\u00ebntie.<\/p>\n<hr \/>\n<h3>4. Langeafstand-LiDAR met hoge precisie<\/h3>\n<ul>\n<li>Bereik tot <strong>950 m<\/strong><\/li>\n<li>Geschikt voor <strong>1:500 \u2013 1:1000<\/strong> mapping<\/li>\n<li>Grote effici\u00ebntie bij hoge werkhoogtes<\/li>\n<\/ul>\n<hr \/>\n<h3>5. Dubbele 100MP kantelcamera\u2019s<\/h3>\n<ul>\n<li>Zeer scherpe RGB-beelden<\/li>\n<li>Gelijktijdige LiDAR + foto-opname<\/li>\n<li>Grondresolutie tot <strong>3 cm<\/strong> op 300 m hoogte<\/li>\n<\/ul>\n<p><strong>Voordeel<\/strong>: Nauwkeurige metingen \u00e9n visueel realistische resultaten in \u00e9\u00e9n vlucht.<\/p>\n<hr \/>\n<h3>6. Snelle en effici\u00ebnte surveys<\/h3>\n<ul>\n<li>Optimale snelheid: <strong>15\u201317 m\/s<\/strong><\/li>\n<li>Maximale snelheid: <strong>25 m\/s<\/strong><\/li>\n<\/ul>\n<p><strong>Voordeel<\/strong>: Snellere dataverzameling zonder kwaliteitsverlies.<\/p>\n<hr \/>\n<h3>7. Slimme dataverzameling<\/h3>\n<ul>\n<li>Ortho- en oblique-vluchten<\/li>\n<li>Terrain Follow-modus<\/li>\n<li>Effici\u00ebntiemodus bij bochten<\/li>\n<\/ul>\n<p><strong>Resultaat<\/strong>: Volledige dekking, consistente hoogte en betere 3D-resultaten.<\/p>\n<hr \/>\n<h3>8. Volledig ge\u00efntegreerde workflow<\/h3>\n<p>Van dataverzameling tot analyse binnen <strong>DJI Terra &amp; DJI Modify<\/strong>, met ondersteuning voor externe software zoals Terrasolid.<\/p>\n<hr \/>\n<h3>9. Ontworpen voor DJI Matrice 400<\/h3>\n<p>De L3 is exclusief ontwikkeld voor de <strong>DJI M400<\/strong>, met verbeterde stabiliteit, lange vliegtijd en hoge payloadcapaciteit.<\/p>\n<hr \/>\n<h2>Samenvatting<\/h2>\n<p>De <strong>DJI Zenmuse L3<\/strong> zet een nieuwe standaard in professionele drone-LiDAR-surveying. Met <strong>langeafstandscapaciteit<\/strong>, <strong>tot 16 returns<\/strong>, <strong>dubbele 100MP-camera\u2019s<\/strong> en <strong>flexibele scanmodi<\/strong> levert hij snellere, diepere en nauwkeurigere mapping dan ooit.<\/p>\n<p>Voor professionals in bosbouw, infrastructuur, bouw en stedelijke planning is de L3 een nieuwe benchmark.<\/p>\n<p>&nbsp;<\/p>","protected":false},"excerpt":{"rendered":"<p>Hieronder staat de Nederlandse vertaling van je tekst (inhoudelijk trouw, licht leesbaar gemaakt): Beste kenmerken van de DJI Zenmuse L3 drone-LiDAR-payload Ontdek [&hellip;]<\/p>","protected":false},"featured_media":4128,"template":"","meta":{"content-type":""},"product_brand":[],"product_cat":[157,50],"product_tag":[],"class_list":{"0":"post-4127","1":"product","2":"type-product","3":"status-publish","4":"has-post-thumbnail","6":"product_cat-dji-matrice-400","7":"product_cat-lidar","9":"first","10":"instock","11":"taxable","12":"shipping-taxable","13":"purchasable","14":"product-type-simple"},"yoast_head":"<!-- This site is optimized with the Yoast SEO plugin v26.9 - https:\/\/yoast.com\/product\/yoast-seo-wordpress\/ -->\n<title>DJI Zenmuse L3 - Professionele Drones | DJI Enterprise<\/title>\n<meta name=\"robots\" content=\"index, follow, max-snippet:-1, max-image-preview:large, max-video-preview:-1\" \/>\n<link rel=\"canonical\" href=\"https:\/\/www.aerialsolutions.be\/fr\/produit\/dji-zenmuse-l3\/\" \/>\n<meta property=\"og:locale\" content=\"fr_FR\" \/>\n<meta property=\"og:type\" content=\"article\" \/>\n<meta property=\"og:title\" content=\"DJI Zenmuse L3 - Professionele Drones | DJI Enterprise\" \/>\n<meta property=\"og:description\" content=\"Hieronder staat de Nederlandse vertaling van je tekst (inhoudelijk trouw, licht leesbaar gemaakt): Beste kenmerken van de DJI Zenmuse L3 drone-LiDAR-payload Ontdek [&hellip;]\" \/>\n<meta property=\"og:url\" content=\"https:\/\/www.aerialsolutions.be\/fr\/produit\/dji-zenmuse-l3\/\" \/>\n<meta property=\"og:site_name\" content=\"Professionele Drones | DJI Enterprise\" \/>\n<meta property=\"article:modified_time\" content=\"2025-12-12T12:13:23+00:00\" \/>\n<meta property=\"og:image\" content=\"https:\/\/www.aerialsolutions.be\/wp-content\/uploads\/2025\/12\/dji-zenmuse-l3-lidar-m400.jpg\" \/>\n\t<meta property=\"og:image:width\" content=\"773\" \/>\n\t<meta property=\"og:image:height\" content=\"776\" \/>\n\t<meta property=\"og:image:type\" content=\"image\/jpeg\" \/>\n<meta name=\"twitter:card\" content=\"summary_large_image\" \/>\n<meta name=\"twitter:label1\" content=\"Dur\u00e9e de lecture est.\" \/>\n\t<meta name=\"twitter:data1\" content=\"3 minutes\" \/>\n<script type=\"application\/ld+json\" class=\"yoast-schema-graph\">{\"@context\":\"https:\/\/schema.org\",\"@graph\":[{\"@type\":\"WebPage\",\"@id\":\"https:\/\/www.aerialsolutions.be\/fr\/produit\/dji-zenmuse-l3\/\",\"url\":\"https:\/\/www.aerialsolutions.be\/fr\/produit\/dji-zenmuse-l3\/\",\"name\":\"DJI Zenmuse L3 - Professionele Drones | DJI Enterprise\",\"isPartOf\":{\"@id\":\"https:\/\/www.aerialsolutions.be\/fr\/#website\"},\"primaryImageOfPage\":{\"@id\":\"https:\/\/www.aerialsolutions.be\/fr\/produit\/dji-zenmuse-l3\/#primaryimage\"},\"image\":{\"@id\":\"https:\/\/www.aerialsolutions.be\/fr\/produit\/dji-zenmuse-l3\/#primaryimage\"},\"thumbnailUrl\":\"https:\/\/www.aerialsolutions.be\/wp-content\/uploads\/2025\/12\/dji-zenmuse-l3-lidar-m400.jpg\",\"datePublished\":\"2025-12-12T12:13:22+00:00\",\"dateModified\":\"2025-12-12T12:13:23+00:00\",\"breadcrumb\":{\"@id\":\"https:\/\/www.aerialsolutions.be\/fr\/produit\/dji-zenmuse-l3\/#breadcrumb\"},\"inLanguage\":\"fr-BE\",\"potentialAction\":[{\"@type\":\"ReadAction\",\"target\":[\"https:\/\/www.aerialsolutions.be\/fr\/produit\/dji-zenmuse-l3\/\"]}]},{\"@type\":\"ImageObject\",\"inLanguage\":\"fr-BE\",\"@id\":\"https:\/\/www.aerialsolutions.be\/fr\/produit\/dji-zenmuse-l3\/#primaryimage\",\"url\":\"https:\/\/www.aerialsolutions.be\/wp-content\/uploads\/2025\/12\/dji-zenmuse-l3-lidar-m400.jpg\",\"contentUrl\":\"https:\/\/www.aerialsolutions.be\/wp-content\/uploads\/2025\/12\/dji-zenmuse-l3-lidar-m400.jpg\",\"width\":773,\"height\":776},{\"@type\":\"BreadcrumbList\",\"@id\":\"https:\/\/www.aerialsolutions.be\/fr\/produit\/dji-zenmuse-l3\/#breadcrumb\",\"itemListElement\":[{\"@type\":\"ListItem\",\"position\":1,\"name\":\"Home\",\"item\":\"https:\/\/www.aerialsolutions.be\/\"},{\"@type\":\"ListItem\",\"position\":2,\"name\":\"Winkel\",\"item\":\"https:\/\/www.aerialsolutions.be\/shop\/\"},{\"@type\":\"ListItem\",\"position\":3,\"name\":\"DJI Zenmuse L3\"}]},{\"@type\":\"WebSite\",\"@id\":\"https:\/\/www.aerialsolutions.be\/fr\/#website\",\"url\":\"https:\/\/www.aerialsolutions.be\/fr\/\",\"name\":\"Professionele Drones | DJI Enterprise\",\"description\":\"Verkoop van DJI Enterprise Drones\",\"potentialAction\":[{\"@type\":\"SearchAction\",\"target\":{\"@type\":\"EntryPoint\",\"urlTemplate\":\"https:\/\/www.aerialsolutions.be\/fr\/?s={search_term_string}\"},\"query-input\":{\"@type\":\"PropertyValueSpecification\",\"valueRequired\":true,\"valueName\":\"search_term_string\"}}],\"inLanguage\":\"fr-BE\"}]}<\/script>\n<!-- \/ Yoast SEO plugin. -->","yoast_head_json":{"title":"DJI Zenmuse L3 - Professionele Drones | DJI Enterprise","robots":{"index":"index","follow":"follow","max-snippet":"max-snippet:-1","max-image-preview":"max-image-preview:large","max-video-preview":"max-video-preview:-1"},"canonical":"https:\/\/www.aerialsolutions.be\/fr\/produit\/dji-zenmuse-l3\/","og_locale":"fr_FR","og_type":"article","og_title":"DJI Zenmuse L3 - Professionele Drones | DJI Enterprise","og_description":"Hieronder staat de Nederlandse vertaling van je tekst (inhoudelijk trouw, licht leesbaar gemaakt): Beste kenmerken van de DJI Zenmuse L3 drone-LiDAR-payload Ontdek [&hellip;]","og_url":"https:\/\/www.aerialsolutions.be\/fr\/produit\/dji-zenmuse-l3\/","og_site_name":"Professionele Drones | DJI Enterprise","article_modified_time":"2025-12-12T12:13:23+00:00","og_image":[{"width":773,"height":776,"url":"https:\/\/www.aerialsolutions.be\/wp-content\/uploads\/2025\/12\/dji-zenmuse-l3-lidar-m400.jpg","type":"image\/jpeg"}],"twitter_card":"summary_large_image","twitter_misc":{"Dur\u00e9e de lecture est.":"3 minutes"},"schema":{"@context":"https:\/\/schema.org","@graph":[{"@type":"WebPage","@id":"https:\/\/www.aerialsolutions.be\/fr\/produit\/dji-zenmuse-l3\/","url":"https:\/\/www.aerialsolutions.be\/fr\/produit\/dji-zenmuse-l3\/","name":"DJI Zenmuse L3 - Professionele Drones | DJI Enterprise","isPartOf":{"@id":"https:\/\/www.aerialsolutions.be\/fr\/#website"},"primaryImageOfPage":{"@id":"https:\/\/www.aerialsolutions.be\/fr\/produit\/dji-zenmuse-l3\/#primaryimage"},"image":{"@id":"https:\/\/www.aerialsolutions.be\/fr\/produit\/dji-zenmuse-l3\/#primaryimage"},"thumbnailUrl":"https:\/\/www.aerialsolutions.be\/wp-content\/uploads\/2025\/12\/dji-zenmuse-l3-lidar-m400.jpg","datePublished":"2025-12-12T12:13:22+00:00","dateModified":"2025-12-12T12:13:23+00:00","breadcrumb":{"@id":"https:\/\/www.aerialsolutions.be\/fr\/produit\/dji-zenmuse-l3\/#breadcrumb"},"inLanguage":"fr-BE","potentialAction":[{"@type":"ReadAction","target":["https:\/\/www.aerialsolutions.be\/fr\/produit\/dji-zenmuse-l3\/"]}]},{"@type":"ImageObject","inLanguage":"fr-BE","@id":"https:\/\/www.aerialsolutions.be\/fr\/produit\/dji-zenmuse-l3\/#primaryimage","url":"https:\/\/www.aerialsolutions.be\/wp-content\/uploads\/2025\/12\/dji-zenmuse-l3-lidar-m400.jpg","contentUrl":"https:\/\/www.aerialsolutions.be\/wp-content\/uploads\/2025\/12\/dji-zenmuse-l3-lidar-m400.jpg","width":773,"height":776},{"@type":"BreadcrumbList","@id":"https:\/\/www.aerialsolutions.be\/fr\/produit\/dji-zenmuse-l3\/#breadcrumb","itemListElement":[{"@type":"ListItem","position":1,"name":"Home","item":"https:\/\/www.aerialsolutions.be\/"},{"@type":"ListItem","position":2,"name":"Winkel","item":"https:\/\/www.aerialsolutions.be\/shop\/"},{"@type":"ListItem","position":3,"name":"DJI Zenmuse L3"}]},{"@type":"WebSite","@id":"https:\/\/www.aerialsolutions.be\/fr\/#website","url":"https:\/\/www.aerialsolutions.be\/fr\/","name":"Professionele Drones | DJI Enterprise","description":"Verkoop van DJI Enterprise Drones","potentialAction":[{"@type":"SearchAction","target":{"@type":"EntryPoint","urlTemplate":"https:\/\/www.aerialsolutions.be\/fr\/?s={search_term_string}"},"query-input":{"@type":"PropertyValueSpecification","valueRequired":true,"valueName":"search_term_string"}}],"inLanguage":"fr-BE"}]}},"_links":{"self":[{"href":"https:\/\/www.aerialsolutions.be\/fr\/wp-json\/wp\/v2\/product\/4127","targetHints":{"allow":["GET"]}}],"collection":[{"href":"https:\/\/www.aerialsolutions.be\/fr\/wp-json\/wp\/v2\/product"}],"about":[{"href":"https:\/\/www.aerialsolutions.be\/fr\/wp-json\/wp\/v2\/types\/product"}],"wp:featuredmedia":[{"embeddable":true,"href":"https:\/\/www.aerialsolutions.be\/fr\/wp-json\/wp\/v2\/media\/4128"}],"wp:attachment":[{"href":"https:\/\/www.aerialsolutions.be\/fr\/wp-json\/wp\/v2\/media?parent=4127"}],"wp:term":[{"taxonomy":"product_brand","embeddable":true,"href":"https:\/\/www.aerialsolutions.be\/fr\/wp-json\/wp\/v2\/product_brand?post=4127"},{"taxonomy":"product_cat","embeddable":true,"href":"https:\/\/www.aerialsolutions.be\/fr\/wp-json\/wp\/v2\/product_cat?post=4127"},{"taxonomy":"product_tag","embeddable":true,"href":"https:\/\/www.aerialsolutions.be\/fr\/wp-json\/wp\/v2\/product_tag?post=4127"}],"curies":[{"name":"wp","href":"https:\/\/api.w.org\/{rel}","templated":true}]}}